{"id":108,"date":"2025-11-22T11:53:20","date_gmt":"2025-11-22T11:53:20","guid":{"rendered":"http:\/\/przedszkole124.eu\/?page_id=108"},"modified":"2025-11-22T11:56:27","modified_gmt":"2025-11-22T11:56:27","slug":"misja-i-wizja","status":"publish","type":"page","link":"https:\/\/przedszkole124.eu\/index.php\/misja-i-wizja\/","title":{"rendered":"Misja i wizja"},"content":{"rendered":"\t\t<div data-elementor-type=\"wp-page\" data-elementor-id=\"108\" class=\"elementor elementor-108\">\n\t\t\t\t\t\t<section class=\"elementor-section elementor-top-section elementor-element elementor-element-2fa6227 elementor-section-boxed elementor-section-height-default elementor-section-height-default\" data-id=\"2fa6227\" data-element_type=\"section\" data-e-type=\"section\">\n\t\t\t\t\t\t<div class=\"elementor-container elementor-column-gap-default\">\n\t\t\t\t\t<div class=\"elementor-column elementor-col-100 elementor-top-column elementor-element elementor-element-5a0010d\" data-id=\"5a0010d\" data-element_type=\"column\" data-e-type=\"column\">\n\t\t\t<div class=\"elementor-widget-wrap elementor-element-populated\">\n\t\t\t\t\t\t<div class=\"elementor-element elementor-element-dab7557 elementor-widget elementor-widget-text-editor\" data-id=\"dab7557\" data-element_type=\"widget\" data-e-type=\"widget\" data-widget_type=\"text-editor.default\">\n\t\t\t\t\t\t\t\t\t<p>Dbamy\u00a0o\u00a0<strong>wszechstronny,<\/strong><strong>\u00a0zr\u00f3wnowa\u017cony rozw\u00f3j<\/strong>\u00a0ka\u017cdego dziecka. Traktujemy naszych wychowank\u00f3w indywidualnie\u00a0i podmiotowo.\u00a0Sprawiamy, \u017ce dzieci s\u0105 kochane, akceptowane\u00a0i szcz\u0119\u015bliwe.\u00a0Rozwijamy gotowo\u015b\u0107 do odkrywania \u015bwiata. Kszta\u0142tujemy spo\u0142eczn\u0105\u00a0i emocjonaln\u0105\u00a0dojrza\u0142o\u015b\u0107\u00a0u naszych\u00a0podopiecznych. Wpajamy poczucie w\u0142asnej warto\u015bci. Kszta\u0142tujemy\u00a0u dzieci\u00a0postaw\u0119 szacunku dla \u015brodowiska\u00a0i dba\u0142o\u015bci\u00a0o nie.\u00a0Wyrabiamy wra\u017cliwo\u015b\u0107\u00a0i poczucie\u00a0odpowiedzialno\u015bci za otaczaj\u0105c\u0105 nas przyrod\u0119.<\/p><p>W naszym\u00a0przedszkolu dzieci rozwijaj\u0105 aktywno\u015b\u0107 tw\u00f3rcz\u0105, zdobywaj\u0105 wiedz\u0119\u00a0i umiej\u0119tno\u015bci\u00a0dzi\u0119ki aktywnym metodom pracy, poznaj\u0105 swoje prawa oraz obcuj\u0105 ze sztuk\u0105.<\/p><p><strong>Nasze Przedszkole<\/strong>\u00a0dba\u00a0o wszechstronny\u00a0rozw\u00f3j dziecka poprzez organizowanie r\u00f3\u017cnego rodzaju dzia\u0142a\u0144 edukacyjnych:<\/p><ul><li>uczestniczymy\u00a0w zaj\u0119ciach\u00a0dydaktyczno-wychowawczych na terenie muze\u00f3w: Archeologicznego, Historycznego, Etnograficznego, \u0141owiectwa\u00a0i Je\u017adziectwa,<\/li><li>organizujemy spotkania integracyjne zwi\u0105zane ze \u015brodowiskiem spo\u0142eczno-przyrodniczym \u2013 Sprz\u0105tanie \u015awiata, \u015awi\u0119to Drzewa, Dzie\u0144 Wody, Dzie\u0144 Ziemi,<\/li><li>aktywnie w\u0142\u0105czamy si\u0119 w r\u00f3\u017cnego rodzaju akcje charytatywne,<\/li><li>uczestniczymy z dzie\u0107mi w wielu konkursach lokalnych i og\u00f3lnopolskich. Sami te\u017c jeste\u015bmy organizatorami Og\u00f3lnopolskich Konkurs\u00f3w min. (\u201eMam prawo..\u201d pod patronatem Rzecznika Praw Dziecka i \u201eZwiastuny wiosny\u201d pod patronatem Ogrodu Botanicznego Uniwersytetu Warszawskiego),<\/li><li>bierzemy cykliczny udzia\u0142 w zaj\u0119ciach dydaktyczno-wychowawczych w pobliskich bibliotekach dla dzieci i m\u0142odzie\u017cy oraz spotkaniach autorskich z autorami ksi\u0105\u017cek dla dzieci (W. Chotomska, L. \u0141\u0105cz, D. Gellner),<\/li><li>organizujemy do\u015bwiadczenia poszukuj\u0105ce dzi\u0119ki wyjazdom do gospodarstw agroturystycznych,<\/li><li>jeste\u015bmy cz\u0142onkiem Klubu Czytaj\u0105cych Przedszkoli i systematyczne czytamy dzieciom ksi\u0105\u017cki oraz uczestniczymy w corocznym Tygodniu Czytania w ramach kampanii spo\u0142ecznej \u201eCa\u0142a Polska czyta dzieciom\u201d<\/li><\/ul>\t\t\t\t\t\t\t\t<\/div>\n\t\t\t\t\t<\/div>\n\t\t<\/div>\n\t\t\t\t\t<\/div>\n\t\t<\/section>\n\t\t\t\t<\/div>\n\t\t","protected":false},"excerpt":{"rendered":"<p>Dbamy\u00a0o\u00a0wszechstronny,\u00a0zr\u00f3wnowa\u017cony rozw\u00f3j\u00a0ka\u017cdego dziecka. Traktujemy naszych wychowank\u00f3w indywidualnie\u00a0i podmiotowo.\u00a0Sprawiamy, \u017ce dzieci s\u0105 kochane, akceptowane\u00a0i szcz\u0119\u015bliwe.\u00a0Rozwijamy gotowo\u015b\u0107 do odkrywania \u015bwiata. Kszta\u0142tujemy spo\u0142eczn\u0105\u00a0i emocjonaln\u0105\u00a0dojrza\u0142o\u015b\u0107\u00a0u naszych\u00a0podopiecznych. Wpajamy poczucie w\u0142asnej warto\u015bci. Kszta\u0142tujemy\u00a0u dzieci\u00a0postaw\u0119 szacunku dla \u015brodowiska\u00a0i dba\u0142o\u015bci\u00a0o nie.\u00a0Wyrabiamy wra\u017cliwo\u015b\u0107\u00a0i poczucie\u00a0odpowiedzialno\u015bci za otaczaj\u0105c\u0105 nas przyrod\u0119. W naszym\u00a0przedszkolu dzieci rozwijaj\u0105 aktywno\u015b\u0107 tw\u00f3rcz\u0105, zdobywaj\u0105 wiedz\u0119\u00a0i umiej\u0119tno\u015bci\u00a0dzi\u0119ki aktywnym metodom pracy, poznaj\u0105 swoje prawa oraz [&hellip;]<\/p>\n","protected":false},"author":1,"featured_media":0,"parent":0,"menu_order":0,"comment_status":"closed","ping_status":"closed","template":"","meta":{"ocean_post_layout":"","ocean_both_sidebars_style":"","ocean_both_sidebars_content_width":0,"ocean_both_sidebars_sidebars_width":0,"ocean_sidebar":"","ocean_second_sidebar":"","ocean_disable_margins":"enable","ocean_add_body_class":"","ocean_shortcode_before_top_bar":"","ocean_shortcode_after_top_bar":"","ocean_shortcode_before_header":"","ocean_shortcode_after_header":"","ocean_has_shortcode":"","ocean_shortcode_after_title":"","ocean_shortcode_before_footer_widgets":"","ocean_shortcode_after_footer_widgets":"","ocean_shortcode_before_footer_bottom":"","ocean_shortcode_after_footer_bottom":"","ocean_display_top_bar":"default","ocean_display_header":"default","ocean_header_style":"","ocean_center_header_left_menu":"","ocean_custom_header_template":"","ocean_custom_logo":0,"ocean_custom_retina_logo":0,"ocean_custom_logo_max_width":0,"ocean_custom_logo_tablet_max_width":0,"ocean_custom_logo_mobile_max_width":0,"ocean_custom_logo_max_height":0,"ocean_custom_logo_tablet_max_height":0,"ocean_custom_logo_mobile_max_height":0,"ocean_header_custom_menu":"","ocean_menu_typo_font_family":"","ocean_menu_typo_font_subset":"","ocean_menu_typo_font_size":0,"ocean_menu_typo_font_size_tablet":0,"ocean_menu_typo_font_size_mobile":0,"ocean_menu_typo_font_size_unit":"px","ocean_menu_typo_font_weight":"","ocean_menu_typo_font_weight_tablet":"","ocean_menu_typo_font_weight_mobile":"","ocean_menu_typo_transform":"","ocean_menu_typo_transform_tablet":"","ocean_menu_typo_transform_mobile":"","ocean_menu_typo_line_height":0,"ocean_menu_typo_line_height_tablet":0,"ocean_menu_typo_line_height_mobile":0,"ocean_menu_typo_line_height_unit":"","ocean_menu_typo_spacing":0,"ocean_menu_typo_spacing_tablet":0,"ocean_menu_typo_spacing_mobile":0,"ocean_menu_typo_spacing_unit":"","ocean_menu_link_color":"","ocean_menu_link_color_hover":"","ocean_menu_link_color_active":"","ocean_menu_link_background":"","ocean_menu_link_hover_background":"","ocean_menu_link_active_background":"","ocean_menu_social_links_bg":"","ocean_menu_social_hover_links_bg":"","ocean_menu_social_links_color":"","ocean_menu_social_hover_links_color":"","ocean_disable_title":"default","ocean_disable_heading":"default","ocean_post_title":"","ocean_post_subheading":"","ocean_post_title_style":"","ocean_post_title_background_color":"","ocean_post_title_background":0,"ocean_post_title_bg_image_position":"","ocean_post_title_bg_image_attachment":"","ocean_post_title_bg_image_repeat":"","ocean_post_title_bg_image_size":"","ocean_post_title_height":0,"ocean_post_title_bg_overlay":0.5,"ocean_post_title_bg_overlay_color":"","ocean_disable_breadcrumbs":"default","ocean_breadcrumbs_color":"","ocean_breadcrumbs_separator_color":"","ocean_breadcrumbs_links_color":"","ocean_breadcrumbs_links_hover_color":"","ocean_display_footer_widgets":"default","ocean_display_footer_bottom":"default","ocean_custom_footer_template":"","footnotes":""},"class_list":["post-108","page","type-page","status-publish","hentry","entry"],"_links":{"self":[{"href":"https:\/\/przedszkole124.eu\/index.php\/wp-json\/wp\/v2\/pages\/108","targetHints":{"allow":["GET"]}}],"collection":[{"href":"https:\/\/przedszkole124.eu\/index.php\/wp-json\/wp\/v2\/pages"}],"about":[{"href":"https:\/\/przedszkole124.eu\/index.php\/wp-json\/wp\/v2\/types\/page"}],"author":[{"embeddable":true,"href":"https:\/\/przedszkole124.eu\/index.php\/wp-json\/wp\/v2\/users\/1"}],"replies":[{"embeddable":true,"href":"https:\/\/przedszkole124.eu\/index.php\/wp-json\/wp\/v2\/comments?post=108"}],"version-history":[{"count":4,"href":"https:\/\/przedszkole124.eu\/index.php\/wp-json\/wp\/v2\/pages\/108\/revisions"}],"predecessor-version":[{"id":112,"href":"https:\/\/przedszkole124.eu\/index.php\/wp-json\/wp\/v2\/pages\/108\/revisions\/112"}],"wp:attachment":[{"href":"https:\/\/przedszkole124.eu\/index.php\/wp-json\/wp\/v2\/media?parent=108"}],"curies":[{"name":"wp","href":"https:\/\/api.w.org\/{rel}","templated":true}]}}