{"id":159,"date":"2025-11-22T12:37:28","date_gmt":"2025-11-22T12:37:28","guid":{"rendered":"http:\/\/przedszkole124.eu\/?page_id=159"},"modified":"2025-11-22T12:45:08","modified_gmt":"2025-11-22T12:45:08","slug":"grupy","status":"publish","type":"page","link":"https:\/\/przedszkole124.eu\/index.php\/grupy\/","title":{"rendered":"Grupy"},"content":{"rendered":"\t\t<div data-elementor-type=\"wp-page\" data-elementor-id=\"159\" class=\"elementor elementor-159\">\n\t\t\t\t\t\t<section class=\"elementor-section elementor-top-section elementor-element elementor-element-81a4a04 elementor-section-boxed elementor-section-height-default elementor-section-height-default\" data-id=\"81a4a04\" data-element_type=\"section\" data-e-type=\"section\">\n\t\t\t\t\t\t<div class=\"elementor-container elementor-column-gap-default\">\n\t\t\t\t\t<div class=\"elementor-column elementor-col-25 elementor-top-column elementor-element elementor-element-7b68ad1\" data-id=\"7b68ad1\" data-element_type=\"column\" data-e-type=\"column\">\n\t\t\t<div class=\"elementor-widget-wrap elementor-element-populated\">\n\t\t\t\t\t\t<div class=\"elementor-element elementor-element-08d13a8 elementor-widget elementor-widget-text-editor\" data-id=\"08d13a8\" data-element_type=\"widget\" data-e-type=\"widget\" data-widget_type=\"text-editor.default\">\n\t\t\t\t\t\t\t\t\t<h2>Grupa I &#8222;S\u00f3wki&#8221;<\/h2><div class=\"content-module content-module-text\"><div class=\"py-3\"><div class=\"row\">\u00a0<\/div><p><strong>Agata Szyma\u0144ska &#8211;\u00a0\u00a0<\/strong>Nauczyciel Mianowany, Nauczyciel Rytmiki<br \/><strong><br \/>Katarzyna G\u0142owacka &#8211;\u00a0\u00a0<\/strong>Nauczyciel Kontraktowy<strong><br \/><br \/>Kodeks grupy:<\/strong><\/p><ul><li>dzielimy si\u0119 zabawkami,<\/li><li>jemy kulturalnie,<\/li><li>m\u00f3wimy cicho,<\/li><li>m\u00f3wimy \u201cDzie\u0144 dobry\u201d,<\/li><li>pomagamy innym,<\/li><li>sprz\u0105tamy zabawki,<\/li><li>uczestniczymy w zaj\u0119ciach,<\/li><li>zgodnie bawimy si\u0119 z innymi,<\/li><li>odk\u0142adamy rzeczy na swoje miejsce,<\/li><li>dbamy o porz\u0105dek wok\u00f3\u0142 nas<\/li><li>jeste\u015bmy mili i uprzejmi,<\/li><li>bawimy si\u0119 bezpiecznie,<\/li><li>m\u00f3wimy \u201cDo widzenia\u201d,<\/li><li>dbamy o higien\u0119.<\/li><\/ul><\/div><\/div>\t\t\t\t\t\t\t\t<\/div>\n\t\t\t\t\t<\/div>\n\t\t<\/div>\n\t\t\t\t<div class=\"elementor-column elementor-col-25 elementor-top-column elementor-element elementor-element-0d1cc7e\" data-id=\"0d1cc7e\" data-element_type=\"column\" data-e-type=\"column\">\n\t\t\t<div class=\"elementor-widget-wrap elementor-element-populated\">\n\t\t\t\t\t\t<div class=\"elementor-element elementor-element-80c29c0 elementor-widget elementor-widget-text-editor\" data-id=\"80c29c0\" data-element_type=\"widget\" data-e-type=\"widget\" data-widget_type=\"text-editor.default\">\n\t\t\t\t\t\t\t\t\t<h2>Grupa II &#8222;Misie&#8221;<\/h2><div class=\"content-module content-module-text\"><div class=\"py-3\"><div class=\"row\">\u00a0<\/div><p><strong>Anna Korzeniewska<\/strong>\u00a0&#8211; nauczyciel dyplomowany, pedagog terapeuta, animator Polskiego Stowarzyszenia Animator\u00f3w Pedagogiki Celestyna Freineta,<\/p><p><strong>Agata Szyma\u0144ska<\/strong>\u00a0&#8211; nauczyciel mianowany, nauczyciel rytmiki,<\/p><p><strong>Marta Zaboklicka<\/strong>\u00a0&#8211; nauczyciel pocz\u0105tkuj\u0105cy, Trener Bazowych Funkcji S\u0142uchowych\u00a0<\/p><p>Kodeks grupy:<\/p><ul><li>u\u017cywamy zwrot\u00f3w grzeczno\u015bciowych,<\/li><li>sprz\u0105tamy zabawki po sko\u0144czonej zabawie,<\/li><li>kulturalnie zachowujemy si\u0119 podczas posi\u0142k\u00f3w,<\/li><li>odpowiednio reagujemy na sygna\u0142y nauczyciela,<\/li><li>m\u00f3wimy pojedynczo i s\u0142uchamy si\u0119 nawzajem,<\/li><li>korzystamy z \u0142azienki w bezpieczny spos\u00f3b,<\/li><li>zawsze pilnujemy si\u0119 grupy,<\/li><li>bezpiecznie i zgodnie bawimy si\u0119,<\/li><li>przestrzegamy zasad obowi\u0105zuj\u0105cych w przedszkolu.<\/li><\/ul><\/div><\/div>\t\t\t\t\t\t\t\t<\/div>\n\t\t\t\t\t<\/div>\n\t\t<\/div>\n\t\t\t\t<div class=\"elementor-column elementor-col-25 elementor-top-column elementor-element elementor-element-32397e7\" data-id=\"32397e7\" data-element_type=\"column\" data-e-type=\"column\">\n\t\t\t<div class=\"elementor-widget-wrap elementor-element-populated\">\n\t\t\t\t\t\t<div class=\"elementor-element elementor-element-2955a7f elementor-widget elementor-widget-text-editor\" data-id=\"2955a7f\" data-element_type=\"widget\" data-e-type=\"widget\" data-widget_type=\"text-editor.default\">\n\t\t\t\t\t\t\t\t\t<h2>Grupa III &#8222;Pszcz\u00f3\u0142ki&#8221;<\/h2><div class=\"content-module content-module-text\"><div class=\"py-3\"><div class=\"row\">\u00a0<\/div><p><strong>Monika Gawron<\/strong>\u00a0&#8211; Nauczyciel Mianowany, Trener Plastyki, Pedagog Terapeuta, Instruktor Gimnastyki Korekcyjnej, Trener Glottodydaktyki<\/p><p><strong>Marta Zaboklicka<\/strong>\u00a0&#8211; nauczyciel pocz\u0105tkuj\u0105cy, Trener Bazowych Funkcji S\u0142uchowych<\/p><p><strong>Kodeks grupy:<\/strong><\/p><p>OKAZUJEMY SOBIE SZACUNEK<\/p><p>M\u00f3wimy bez krzyku, z ka\u017cdym si\u0119 witamy,<\/p><p>Prosz\u0119, przepraszam, dzi\u0119kuj\u0119 \u2013 o tym pami\u0119tamy.<\/p><p>DZIELIMY SI\u0118 ZABAWKAMI<\/p><p>Zabawki s\u0105 wsp\u00f3lne dla mnie i dla ciebie,<\/p><p>Dziel si\u0119 nimi ch\u0119tnie, gdy kto\u015b jest w potrzebie.<\/p><p>SPRZ\u0104TAMY ZABAWKI PO SKO\u0143CZONEJ ZABAWIE<\/p><p>Wszystkie przedszkolaki o zabawki dbaj\u0105,<\/p><p>Po sko\u0144czonej zabawie na p\u00f3\u0142ki je odk\u0142adaj\u0105.<\/p><p>KULTURALNIE ZACHOWUJEMY SI\u0118 PRZY STOLE<\/p><p>Z wielkim apetytem posi\u0142ki zjadamy,<\/p><p>Gdy wstajemy od sto\u0142u, krzes\u0142o przysuwamy.<\/p><p>KULTURALNIE ZACHOWUJEMY SI\u0118 W \u0141AZIENCE<\/p><p>Myd\u0142a u\u017cywamy gdy r\u0119ce s\u0105 brudne.<\/p><p>Wod\u0105 je op\u0142uczemy, r\u0119cznikiem suszymy \u2013 to nie takie trudne.<\/p><p>DBAMY O BEZPIECZE\u0143STWO W\u0141ASNE I INNYCH<\/p><p>W ogrodzie biegamy, w berka si\u0119 bawimy,<\/p><p>W sali i w \u0142azience \u2013 po prostu chodzimy.<\/p><p>TRZYMAMY SI\u0118 BLISKO GRUPY<\/p><p>Na wycieczce, na spacerze pary maszeruj\u0105,<\/p><p>Nikt od grupy nie odchodzi, wszyscy si\u0119 pilnuj\u0105.<\/p><p>ZGODNIE SI\u0118 BAWIMY<\/p><p>Bawimy si\u0119 zgodnie, z u\u015bmiechem na twarzy.<\/p><p>W mi\u0142ej atmosferze nic z\u0142ego si\u0119 nie zdarzy.<\/p><\/div><\/div>\t\t\t\t\t\t\t\t<\/div>\n\t\t\t\t\t<\/div>\n\t\t<\/div>\n\t\t\t\t<div class=\"elementor-column elementor-col-25 elementor-top-column elementor-element elementor-element-fb8df65\" data-id=\"fb8df65\" data-element_type=\"column\" data-e-type=\"column\">\n\t\t\t<div class=\"elementor-widget-wrap elementor-element-populated\">\n\t\t\t\t\t\t<div class=\"elementor-element elementor-element-25d41b0 elementor-widget elementor-widget-text-editor\" data-id=\"25d41b0\" data-element_type=\"widget\" data-e-type=\"widget\" data-widget_type=\"text-editor.default\">\n\t\t\t\t\t\t\t\t\t<h2>Grupa IV &#8222;Krasnoludki&#8221;<\/h2><div class=\"content-module content-module-text\"><div class=\"py-3\"><div class=\"row\">\u00a0<\/div><p><strong>Agnieszka Kami\u0144ska &#8211;\u00a0<\/strong>\u00a0Nauczyciel Dyplomowany, Pedagog Specjalny<\/p><p><strong>Renata Stawczyk-Mizi\u0144ska &#8211;\u00a0<\/strong>\u00a0Nauczyciel Dyplomowany, Pedagog &#8211; Terapeuta, Ekspert MEN, Trener w O\u015bwiacie<\/p><p><strong>Kodeks grupy:<\/strong><\/p><ul><li>S\u0142uchamy polece\u0144 Pani,<\/li><li>U\u017cywamy \u201czaczarowanych\u201d s\u0142\u00f3w: prosz\u0119, przepraszam, dzi\u0119kuj\u0119,<\/li><li>Dbamy o porz\u0105dek w sali, odk\u0142adamy zabawki na miejsce,<\/li><li>Sprz\u0105tamy zabawki na um\u00f3wiony sygna\u0142 muzyczny,<\/li><li>Jeste\u015bmy gotowi do pomocy innym,<\/li><li>Dzielimy si\u0119 zabawkami,<\/li><li>Jeste\u015bmy mili, uprzejmi, kole\u017ce\u0144scy,<\/li><li>M\u00f3wimy umiarkowanym g\u0142osem.<\/li><\/ul><\/div><\/div>\t\t\t\t\t\t\t\t<\/div>\n\t\t\t\t\t<\/div>\n\t\t<\/div>\n\t\t\t\t\t<\/div>\n\t\t<\/section>\n\t\t\t\t<\/div>\n\t\t","protected":false},"excerpt":{"rendered":"<p>Grupa I &#8222;S\u00f3wki&#8221; \u00a0 Agata Szyma\u0144ska &#8211;\u00a0\u00a0Nauczyciel Mianowany, Nauczyciel RytmikiKatarzyna G\u0142owacka &#8211;\u00a0\u00a0Nauczyciel Kontraktowy Kodeks grupy: dzielimy si\u0119 zabawkami, jemy kulturalnie, m\u00f3wimy cicho, m\u00f3wimy \u201cDzie\u0144 dobry\u201d, pomagamy innym, sprz\u0105tamy zabawki, uczestniczymy w zaj\u0119ciach, zgodnie bawimy si\u0119 z innymi, odk\u0142adamy rzeczy na swoje miejsce, dbamy o porz\u0105dek wok\u00f3\u0142 nas jeste\u015bmy mili i uprzejmi, bawimy si\u0119 bezpiecznie, m\u00f3wimy [&hellip;]<\/p>\n","protected":false},"author":1,"featured_media":0,"parent":0,"menu_order":0,"comment_status":"closed","ping_status":"closed","template":"","meta":{"ocean_post_layout":"","ocean_both_sidebars_style":"","ocean_both_sidebars_content_width":0,"ocean_both_sidebars_sidebars_width":0,"ocean_sidebar":"","ocean_second_sidebar":"","ocean_disable_margins":"enable","ocean_add_body_class":"","ocean_shortcode_before_top_bar":"","ocean_shortcode_after_top_bar":"","ocean_shortcode_before_header":"","ocean_shortcode_after_header":"","ocean_has_shortcode":"","ocean_shortcode_after_title":"","ocean_shortcode_before_footer_widgets":"","ocean_shortcode_after_footer_widgets":"","ocean_shortcode_before_footer_bottom":"","ocean_shortcode_after_footer_bottom":"","ocean_display_top_bar":"default","ocean_display_header":"default","ocean_header_style":"","ocean_center_header_left_menu":"","ocean_custom_header_template":"","ocean_custom_logo":0,"ocean_custom_retina_logo":0,"ocean_custom_logo_max_width":0,"ocean_custom_logo_tablet_max_width":0,"ocean_custom_logo_mobile_max_width":0,"ocean_custom_logo_max_height":0,"ocean_custom_logo_tablet_max_height":0,"ocean_custom_logo_mobile_max_height":0,"ocean_header_custom_menu":"","ocean_menu_typo_font_family":"","ocean_menu_typo_font_subset":"","ocean_menu_typo_font_size":0,"ocean_menu_typo_font_size_tablet":0,"ocean_menu_typo_font_size_mobile":0,"ocean_menu_typo_font_size_unit":"px","ocean_menu_typo_font_weight":"","ocean_menu_typo_font_weight_tablet":"","ocean_menu_typo_font_weight_mobile":"","ocean_menu_typo_transform":"","ocean_menu_typo_transform_tablet":"","ocean_menu_typo_transform_mobile":"","ocean_menu_typo_line_height":0,"ocean_menu_typo_line_height_tablet":0,"ocean_menu_typo_line_height_mobile":0,"ocean_menu_typo_line_height_unit":"","ocean_menu_typo_spacing":0,"ocean_menu_typo_spacing_tablet":0,"ocean_menu_typo_spacing_mobile":0,"ocean_menu_typo_spacing_unit":"","ocean_menu_link_color":"","ocean_menu_link_color_hover":"","ocean_menu_link_color_active":"","ocean_menu_link_background":"","ocean_menu_link_hover_background":"","ocean_menu_link_active_background":"","ocean_menu_social_links_bg":"","ocean_menu_social_hover_links_bg":"","ocean_menu_social_links_color":"","ocean_menu_social_hover_links_color":"","ocean_disable_title":"default","ocean_disable_heading":"default","ocean_post_title":"","ocean_post_subheading":"","ocean_post_title_style":"","ocean_post_title_background_color":"","ocean_post_title_background":0,"ocean_post_title_bg_image_position":"","ocean_post_title_bg_image_attachment":"","ocean_post_title_bg_image_repeat":"","ocean_post_title_bg_image_size":"","ocean_post_title_height":0,"ocean_post_title_bg_overlay":0.5,"ocean_post_title_bg_overlay_color":"","ocean_disable_breadcrumbs":"default","ocean_breadcrumbs_color":"","ocean_breadcrumbs_separator_color":"","ocean_breadcrumbs_links_color":"","ocean_breadcrumbs_links_hover_color":"","ocean_display_footer_widgets":"default","ocean_display_footer_bottom":"default","ocean_custom_footer_template":"","footnotes":""},"class_list":["post-159","page","type-page","status-publish","hentry","entry"],"_links":{"self":[{"href":"https:\/\/przedszkole124.eu\/index.php\/wp-json\/wp\/v2\/pages\/159","targetHints":{"allow":["GET"]}}],"collection":[{"href":"https:\/\/przedszkole124.eu\/index.php\/wp-json\/wp\/v2\/pages"}],"about":[{"href":"https:\/\/przedszkole124.eu\/index.php\/wp-json\/wp\/v2\/types\/page"}],"author":[{"embeddable":true,"href":"https:\/\/przedszkole124.eu\/index.php\/wp-json\/wp\/v2\/users\/1"}],"replies":[{"embeddable":true,"href":"https:\/\/przedszkole124.eu\/index.php\/wp-json\/wp\/v2\/comments?post=159"}],"version-history":[{"count":4,"href":"https:\/\/przedszkole124.eu\/index.php\/wp-json\/wp\/v2\/pages\/159\/revisions"}],"predecessor-version":[{"id":163,"href":"https:\/\/przedszkole124.eu\/index.php\/wp-json\/wp\/v2\/pages\/159\/revisions\/163"}],"wp:attachment":[{"href":"https:\/\/przedszkole124.eu\/index.php\/wp-json\/wp\/v2\/media?parent=159"}],"curies":[{"name":"wp","href":"https:\/\/api.w.org\/{rel}","templated":true}]}}