{"id":175,"date":"2025-11-22T13:04:33","date_gmt":"2025-11-22T13:04:33","guid":{"rendered":"http:\/\/przedszkole124.eu\/?page_id=175"},"modified":"2026-01-05T10:06:12","modified_gmt":"2026-01-05T10:06:12","slug":"oplaty","status":"publish","type":"page","link":"https:\/\/przedszkole124.eu\/index.php\/oplaty\/","title":{"rendered":"Op\u0142aty"},"content":{"rendered":"\t\t<div data-elementor-type=\"wp-page\" data-elementor-id=\"175\" class=\"elementor elementor-175\">\n\t\t\t\t\t\t<section class=\"elementor-section elementor-top-section elementor-element elementor-element-37973ee elementor-section-boxed elementor-section-height-default elementor-section-height-default\" data-id=\"37973ee\" data-element_type=\"section\" data-e-type=\"section\">\n\t\t\t\t\t\t<div class=\"elementor-container elementor-column-gap-default\">\n\t\t\t\t\t<div class=\"elementor-column elementor-col-100 elementor-top-column elementor-element elementor-element-0b6e6d9\" data-id=\"0b6e6d9\" data-element_type=\"column\" data-e-type=\"column\">\n\t\t\t<div class=\"elementor-widget-wrap elementor-element-populated\">\n\t\t\t\t\t\t<div class=\"elementor-element elementor-element-467aceb elementor-widget elementor-widget-text-editor\" data-id=\"467aceb\" data-element_type=\"widget\" data-e-type=\"widget\" data-widget_type=\"text-editor.default\">\n\t\t\t\t\t\t\t\t\t<h2><strong style=\"font-size: 16px;\">Informujemy, \u017ce dzienna stawka za \u017cywienie w Przedszkolu nr 124 od 1 stycznia 2026 r. wynosi 16 z\u0142 za 3 posi\u0142ki: \u015bniadanie, obiad i podwieczorek dodatkowo o godz. 10.00 podajemy dzieciom owoce lub warzywa.<\/strong><\/h2><div class=\"content-module content-module-text\"><div class=\"py-3\"><p>Regulowanie op\u0142at odbywa si\u0119 w formie\u00a0wp\u0142aty na wskazany rachunek bankowy przedszkola:\u00a0op\u0142aty za \u017cywienie na\u00a0konto nr:<span class=\"bold\">\u00a085 1030 1508 0000 0005 5052 8053\u00a0<\/span>z dopiskiem imienia i nazwiska dziecka oraz miesi\u0105ca, za kt\u00f3ry dokonuje wp\u0142aty.\u00a0Sumaryczna kwota za dany miesi\u0105c zostanie przes\u0142ana do Pa\u0144stwa drog\u0105 e-mailow\u0105.<\/p><p>W przypadku nieobecno\u015bci dziecka w przedszkolu op\u0142ata nie jest pobierana. Rodzice informuj\u0105 przedszkole o nieobecno\u015bci dziecka i czasie jej trwania. Za pierwszy dzie\u0144 nieobecno\u015bci op\u0142ata jest zwracana, je\u017celi rodzice zg\u0142osz\u0105 nieobecno\u015b\u0107 dziecka najp\u00f3\u017aniej do godz. 9.00.<\/p><p>Nieobecno\u015b\u0107 dziecka mo\u017ce by\u0107 zg\u0142aszana:<\/p><p>telefonicznie numer telefonu:\u00a0<span class=\"bold\">22 838 3634<\/span><\/p><p>za pomoc\u0105 poczty internetowej:\u00a0<a href=\"https:\/\/p124w-wa.wikom.pl\/admin\/page\/34\/p124@edu.um.warszawa.pl\">p124@eduwarszawa.pl<\/a><\/p><p><strong>Uprzejmie Pa\u0144stwu przypominamy, i\u017c ka\u017cde dziecko \u017cywione jest od pierwszego dnia danego miesi\u0105ca.\u00a0<span data-wahfont=\"16\">Pa\u0144stwa op\u0142aty stanowi\u0105 jedyne \u017ar\u00f3d\u0142o finansowania \u017cywienia dzieci w przedszkolu.<\/span><\/strong><strong>W zwi\u0105zku z powy\u017cszym prosimy o regulowanie op\u0142at najp\u00f3\u017aniej do 10 &#8211; go dnia ka\u017cdego miesi\u0105ca.\u00a0<\/strong><span class=\"page_speed_72844396\">Rodzice, kt\u00f3rzy nie dokonaj\u0105 wp\u0142at w terminie, b\u0119d\u0105 wykazywani na zaleg\u0142o\u015bciach\u00a0(dwumiesi\u0119czna zaleg\u0142o\u015b\u0107 skutkuje skre\u015bleniem dziecka z listy przedszkolak\u00f3w, zgodnie ze Statutem Przedszkola).<\/span><\/p><\/div><\/div>\t\t\t\t\t\t\t\t<\/div>\n\t\t\t\t\t<\/div>\n\t\t<\/div>\n\t\t\t\t\t<\/div>\n\t\t<\/section>\n\t\t\t\t<\/div>\n\t\t","protected":false},"excerpt":{"rendered":"<p>Informujemy, \u017ce dzienna stawka za \u017cywienie w Przedszkolu nr 124 od 1 stycznia 2026 r. wynosi 16 z\u0142 za 3 posi\u0142ki: \u015bniadanie, obiad i podwieczorek dodatkowo o godz. 10.00 podajemy dzieciom owoce lub warzywa. Regulowanie op\u0142at odbywa si\u0119 w formie\u00a0wp\u0142aty na wskazany rachunek bankowy przedszkola:\u00a0op\u0142aty za \u017cywienie na\u00a0konto nr:\u00a085 1030 1508 0000 0005 5052 8053\u00a0z [&hellip;]<\/p>\n","protected":false},"author":1,"featured_media":0,"parent":0,"menu_order":0,"comment_status":"closed","ping_status":"closed","template":"","meta":{"ocean_post_layout":"","ocean_both_sidebars_style":"","ocean_both_sidebars_content_width":0,"ocean_both_sidebars_sidebars_width":0,"ocean_sidebar":"","ocean_second_sidebar":"","ocean_disable_margins":"enable","ocean_add_body_class":"","ocean_shortcode_before_top_bar":"","ocean_shortcode_after_top_bar":"","ocean_shortcode_before_header":"","ocean_shortcode_after_header":"","ocean_has_shortcode":"","ocean_shortcode_after_title":"","ocean_shortcode_before_footer_widgets":"","ocean_shortcode_after_footer_widgets":"","ocean_shortcode_before_footer_bottom":"","ocean_shortcode_after_footer_bottom":"","ocean_display_top_bar":"default","ocean_display_header":"default","ocean_header_style":"","ocean_center_header_left_menu":"","ocean_custom_header_template":"","ocean_custom_logo":0,"ocean_custom_retina_logo":0,"ocean_custom_logo_max_width":0,"ocean_custom_logo_tablet_max_width":0,"ocean_custom_logo_mobile_max_width":0,"ocean_custom_logo_max_height":0,"ocean_custom_logo_tablet_max_height":0,"ocean_custom_logo_mobile_max_height":0,"ocean_header_custom_menu":"","ocean_menu_typo_font_family":"","ocean_menu_typo_font_subset":"","ocean_menu_typo_font_size":0,"ocean_menu_typo_font_size_tablet":0,"ocean_menu_typo_font_size_mobile":0,"ocean_menu_typo_font_size_unit":"px","ocean_menu_typo_font_weight":"","ocean_menu_typo_font_weight_tablet":"","ocean_menu_typo_font_weight_mobile":"","ocean_menu_typo_transform":"","ocean_menu_typo_transform_tablet":"","ocean_menu_typo_transform_mobile":"","ocean_menu_typo_line_height":0,"ocean_menu_typo_line_height_tablet":0,"ocean_menu_typo_line_height_mobile":0,"ocean_menu_typo_line_height_unit":"","ocean_menu_typo_spacing":0,"ocean_menu_typo_spacing_tablet":0,"ocean_menu_typo_spacing_mobile":0,"ocean_menu_typo_spacing_unit":"","ocean_menu_link_color":"","ocean_menu_link_color_hover":"","ocean_menu_link_color_active":"","ocean_menu_link_background":"","ocean_menu_link_hover_background":"","ocean_menu_link_active_background":"","ocean_menu_social_links_bg":"","ocean_menu_social_hover_links_bg":"","ocean_menu_social_links_color":"","ocean_menu_social_hover_links_color":"","ocean_disable_title":"default","ocean_disable_heading":"default","ocean_post_title":"","ocean_post_subheading":"","ocean_post_title_style":"","ocean_post_title_background_color":"","ocean_post_title_background":0,"ocean_post_title_bg_image_position":"","ocean_post_title_bg_image_attachment":"","ocean_post_title_bg_image_repeat":"","ocean_post_title_bg_image_size":"","ocean_post_title_height":0,"ocean_post_title_bg_overlay":0.5,"ocean_post_title_bg_overlay_color":"","ocean_disable_breadcrumbs":"default","ocean_breadcrumbs_color":"","ocean_breadcrumbs_separator_color":"","ocean_breadcrumbs_links_color":"","ocean_breadcrumbs_links_hover_color":"","ocean_display_footer_widgets":"default","ocean_display_footer_bottom":"default","ocean_custom_footer_template":"","footnotes":""},"class_list":["post-175","page","type-page","status-publish","hentry","entry"],"_links":{"self":[{"href":"https:\/\/przedszkole124.eu\/index.php\/wp-json\/wp\/v2\/pages\/175","targetHints":{"allow":["GET"]}}],"collection":[{"href":"https:\/\/przedszkole124.eu\/index.php\/wp-json\/wp\/v2\/pages"}],"about":[{"href":"https:\/\/przedszkole124.eu\/index.php\/wp-json\/wp\/v2\/types\/page"}],"author":[{"embeddable":true,"href":"https:\/\/przedszkole124.eu\/index.php\/wp-json\/wp\/v2\/users\/1"}],"replies":[{"embeddable":true,"href":"https:\/\/przedszkole124.eu\/index.php\/wp-json\/wp\/v2\/comments?post=175"}],"version-history":[{"count":7,"href":"https:\/\/przedszkole124.eu\/index.php\/wp-json\/wp\/v2\/pages\/175\/revisions"}],"predecessor-version":[{"id":535,"href":"https:\/\/przedszkole124.eu\/index.php\/wp-json\/wp\/v2\/pages\/175\/revisions\/535"}],"wp:attachment":[{"href":"https:\/\/przedszkole124.eu\/index.php\/wp-json\/wp\/v2\/media?parent=175"}],"curies":[{"name":"wp","href":"https:\/\/api.w.org\/{rel}","templated":true}]}}