{"id":433,"date":"2025-11-26T09:24:53","date_gmt":"2025-11-26T09:24:53","guid":{"rendered":"http:\/\/przedszkole124.eu\/?page_id=433"},"modified":"2025-11-26T10:39:23","modified_gmt":"2025-11-26T10:39:23","slug":"innowacje-i-projekty","status":"publish","type":"page","link":"https:\/\/przedszkole124.eu\/index.php\/innowacje-i-projekty\/","title":{"rendered":"Innowacje i projekty"},"content":{"rendered":"\t\t<div data-elementor-type=\"wp-page\" data-elementor-id=\"433\" class=\"elementor elementor-433\">\n\t\t\t\t\t\t<section class=\"elementor-section elementor-top-section elementor-element elementor-element-06da5e0 elementor-section-boxed elementor-section-height-default elementor-section-height-default\" data-id=\"06da5e0\" data-element_type=\"section\" data-e-type=\"section\">\n\t\t\t\t\t\t<div class=\"elementor-container elementor-column-gap-default\">\n\t\t\t\t\t<div class=\"elementor-column elementor-col-100 elementor-top-column elementor-element elementor-element-7589027\" data-id=\"7589027\" data-element_type=\"column\" data-e-type=\"column\">\n\t\t\t<div class=\"elementor-widget-wrap elementor-element-populated\">\n\t\t\t\t\t\t<div class=\"elementor-element elementor-element-e7b091f elementor-widget elementor-widget-icon-box\" data-id=\"e7b091f\" data-element_type=\"widget\" data-e-type=\"widget\" data-widget_type=\"icon-box.default\">\n\t\t\t\t\t\t\t<div class=\"elementor-icon-box-wrapper\">\n\n\t\t\t\n\t\t\t\t\t\t<div class=\"elementor-icon-box-content\">\n\n\t\t\t\t\t\t\t\t\t<h3 class=\"elementor-icon-box-title\">\n\t\t\t\t\t\t<a href=\"http:\/\/przedszkole124.eu\/index.php\/wehikul-czasu-steamowa-podroz-przez-swiat-sztuki\/\" >\n\t\t\t\t\t\t\t''Wehiku\u0142 czasu-STEAMowa podr\u00f3\u017c przez \u015bwiat sztuki''\t\t\t\t\t\t<\/a>\n\t\t\t\t\t<\/h3>\n\t\t\t\t\n\t\t\t\t\n\t\t\t<\/div>\n\t\t\t\n\t\t<\/div>\n\t\t\t\t\t\t<\/div>\n\t\t\t\t<div class=\"elementor-element elementor-element-5f5d782 elementor-widget elementor-widget-image\" data-id=\"5f5d782\" data-element_type=\"widget\" data-e-type=\"widget\" data-widget_type=\"image.default\">\n\t\t\t\t\t\t\t\t\t\t\t\t\t\t\t<img fetchpriority=\"high\" decoding=\"async\" width=\"724\" height=\"1024\" src=\"https:\/\/przedszkole124.eu\/wp-content\/uploads\/2025\/11\/wechikul-czasu-724x1024.jpg\" class=\"attachment-large size-large wp-image-462\" alt=\"\" srcset=\"https:\/\/przedszkole124.eu\/wp-content\/uploads\/2025\/11\/wechikul-czasu-724x1024.jpg 724w, https:\/\/przedszkole124.eu\/wp-content\/uploads\/2025\/11\/wechikul-czasu-212x300.jpg 212w, https:\/\/przedszkole124.eu\/wp-content\/uploads\/2025\/11\/wechikul-czasu-768x1087.jpg 768w, https:\/\/przedszkole124.eu\/wp-content\/uploads\/2025\/11\/wechikul-czasu-1086x1536.jpg 1086w, https:\/\/przedszkole124.eu\/wp-content\/uploads\/2025\/11\/wechikul-czasu-1447x2048.jpg 1447w, https:\/\/przedszkole124.eu\/wp-content\/uploads\/2025\/11\/wechikul-czasu.jpg 1653w\" sizes=\"(max-width: 724px) 100vw, 724px\" \/>\t\t\t\t\t\t\t\t\t\t\t\t\t\t\t<\/div>\n\t\t\t\t\t<\/div>\n\t\t<\/div>\n\t\t\t\t\t<\/div>\n\t\t<\/section>\n\t\t\t\t<section class=\"elementor-section elementor-top-section elementor-element elementor-element-8bd0d8a elementor-section-boxed elementor-section-height-default elementor-section-height-default\" data-id=\"8bd0d8a\" data-element_type=\"section\" data-e-type=\"section\">\n\t\t\t\t\t\t<div class=\"elementor-container elementor-column-gap-default\">\n\t\t\t\t\t<div class=\"elementor-column elementor-col-100 elementor-top-column elementor-element elementor-element-f9acffe\" data-id=\"f9acffe\" data-element_type=\"column\" data-e-type=\"column\">\n\t\t\t<div class=\"elementor-widget-wrap elementor-element-populated\">\n\t\t\t\t\t\t<div class=\"elementor-element elementor-element-4dc1fe4 elementor-widget-divider--view-line elementor-widget elementor-widget-divider\" data-id=\"4dc1fe4\" data-element_type=\"widget\" data-e-type=\"widget\" data-widget_type=\"divider.default\">\n\t\t\t\t\t\t\t<div class=\"elementor-divider\">\n\t\t\t<span class=\"elementor-divider-separator\">\n\t\t\t\t\t\t<\/span>\n\t\t<\/div>\n\t\t\t\t\t\t<\/div>\n\t\t\t\t\t<\/div>\n\t\t<\/div>\n\t\t\t\t\t<\/div>\n\t\t<\/section>\n\t\t\t\t<section class=\"elementor-section elementor-top-section elementor-element elementor-element-b62bce5 elementor-section-boxed elementor-section-height-default elementor-section-height-default\" data-id=\"b62bce5\" data-element_type=\"section\" data-e-type=\"section\">\n\t\t\t\t\t\t<div class=\"elementor-container elementor-column-gap-default\">\n\t\t\t\t\t<div class=\"elementor-column elementor-col-50 elementor-top-column elementor-element elementor-element-deb442f\" data-id=\"deb442f\" data-element_type=\"column\" data-e-type=\"column\">\n\t\t\t<div class=\"elementor-widget-wrap elementor-element-populated\">\n\t\t\t\t\t\t<div class=\"elementor-element elementor-element-c8bf3df elementor-widget elementor-widget-text-editor\" data-id=\"c8bf3df\" data-element_type=\"widget\" data-e-type=\"widget\" data-widget_type=\"text-editor.default\">\n\t\t\t\t\t\t\t\t\t<h2><span style=\"text-decoration: underline;\">Og\u00f3lnopolski Projekt Edukacyjny &#8222;Czuciaki z krainy emocji&#8221;<\/span><\/h2><p><span style=\"font-size: 16px;\">Podczas tej fascynuj\u0105cej ca\u0142orocznej przygody uczestnicy spotkaj\u0105 si\u0119 z Czuciakami. Te ma\u0142e stworzenia o intryguj\u0105cej nazwie przyb\u0119d\u0105 prosto z Krainy Emocji ze specjaln\u0105 misj\u0105 \u2013 pomog\u0105 nam pozna\u0107, zrozumie\u0107 i regulowa\u0107 nasze emocje.<br \/><\/span>Cele projektu:<br \/>&#8211; kszta\u0142tuje kompetencje spo\u0142ecznych,<br \/>&#8211; rozpoznawanie emocji,<br \/>&#8211; tworzymy okazje do nauki nazywania i odczytywania w\u0142asnych emocji w bezpiecznym \u015brodowisku,<br \/>&#8211; poznanie siebie,<br \/>&#8211; dzieci ucz\u0105 si\u0119 rozumie\u0107 swoje emocjonalne reakcje i \u017ar\u00f3d\u0142a zachowa\u0144,<br \/>&#8211; regulacja emocji,<br \/>&#8211; uczymy dzieci, jak panowa\u0107 nad emocjami, kt\u00f3re s\u0105 zbyt silne lub trwaj\u0105 zbyt d\u0142ugo,<br \/>&#8211; relacje i empatia,<br \/>&#8211; pomagamy budowa\u0107 pozytywne relacje i zrozumienie wobec emocji innych ludzi,<br \/>&#8211; \u015bwiadomo\u015b\u0107 emocjonalna,<br \/>&#8211; dzieci dowiaduj\u0105 si\u0119, \u017ce wszystkie emocje \u2013 tak\u017ce trudne \u2013 s\u0105 naturalne i potrzebne,<br \/>&#8211; dobrostan i rozw\u00f3j,<br \/>&#8211; projekt wspiera rozw\u00f3j emocjonalny i psychiczny dziecka w duchu rado\u015bci, zaufania i bezpiecze\u0144stwa.<\/p>\t\t\t\t\t\t\t\t<\/div>\n\t\t\t\t\t<\/div>\n\t\t<\/div>\n\t\t\t\t<div class=\"elementor-column elementor-col-50 elementor-top-column elementor-element elementor-element-8e22561\" data-id=\"8e22561\" data-element_type=\"column\" data-e-type=\"column\">\n\t\t\t<div class=\"elementor-widget-wrap elementor-element-populated\">\n\t\t\t\t\t\t<div class=\"elementor-element elementor-element-cc3248f elementor-widget__width-initial elementor-arrows-position-inside elementor-pagination-position-outside elementor-widget elementor-widget-image-carousel\" data-id=\"cc3248f\" data-element_type=\"widget\" data-e-type=\"widget\" data-settings=\"{&quot;slides_to_show&quot;:&quot;1&quot;,&quot;navigation&quot;:&quot;both&quot;,&quot;autoplay&quot;:&quot;yes&quot;,&quot;pause_on_hover&quot;:&quot;yes&quot;,&quot;pause_on_interaction&quot;:&quot;yes&quot;,&quot;autoplay_speed&quot;:5000,&quot;infinite&quot;:&quot;yes&quot;,&quot;effect&quot;:&quot;slide&quot;,&quot;speed&quot;:500}\" data-widget_type=\"image-carousel.default\">\n\t\t\t\t\t\t\t<div class=\"elementor-image-carousel-wrapper swiper\" role=\"region\" aria-roledescription=\"carousel\" aria-label=\"Karuzela obrazk\u00f3w\" dir=\"ltr\">\n\t\t\t<div class=\"elementor-image-carousel swiper-wrapper\" aria-live=\"off\">\n\t\t\t\t\t\t\t\t<div class=\"swiper-slide\" role=\"group\" aria-roledescription=\"slide\" aria-label=\"1 z 4\"><figure class=\"swiper-slide-inner\"><img decoding=\"async\" class=\"swiper-slide-image\" src=\"https:\/\/przedszkole124.eu\/wp-content\/uploads\/2025\/11\/557451348_1102930435332495_2774841175292225721_n-1536x1200.jpg\" alt=\"557451348_1102930435332495_2774841175292225721_n\" \/><\/figure><\/div><div class=\"swiper-slide\" role=\"group\" aria-roledescription=\"slide\" aria-label=\"2 z 4\"><figure class=\"swiper-slide-inner\"><img decoding=\"async\" class=\"swiper-slide-image\" src=\"https:\/\/przedszkole124.eu\/wp-content\/uploads\/2025\/11\/557717271_1102654058693466_1737000546872971379_n__1_-1152x1536.jpg\" alt=\"557717271_1102654058693466_1737000546872971379_n__1_\" \/><\/figure><\/div><div class=\"swiper-slide\" role=\"group\" aria-roledescription=\"slide\" aria-label=\"3 z 4\"><figure class=\"swiper-slide-inner\"><img decoding=\"async\" class=\"swiper-slide-image\" src=\"https:\/\/przedszkole124.eu\/wp-content\/uploads\/2025\/11\/557717921_1102929161999289_5433759822365489496_n.jpg\" alt=\"557717921_1102929161999289_5433759822365489496_n\" \/><\/figure><\/div><div class=\"swiper-slide\" role=\"group\" aria-roledescription=\"slide\" aria-label=\"4 z 4\"><figure class=\"swiper-slide-inner\"><img decoding=\"async\" class=\"swiper-slide-image\" src=\"https:\/\/przedszkole124.eu\/wp-content\/uploads\/2025\/11\/557752898_1102930298665842_5080133490983143126_n.jpg\" alt=\"557752898_1102930298665842_5080133490983143126_n\" \/><\/figure><\/div>\t\t\t<\/div>\n\t\t\t\t\t\t\t\t\t\t\t\t<div class=\"elementor-swiper-button elementor-swiper-button-prev\" role=\"button\" tabindex=\"0\">\n\t\t\t\t\t\t<svg aria-hidden=\"true\" class=\"e-font-icon-svg e-eicon-chevron-left\" viewBox=\"0 0 1000 1000\" xmlns=\"http:\/\/www.w3.org\/2000\/svg\"><path d=\"M646 125C629 125 613 133 604 142L308 442C296 454 292 471 292 487 292 504 296 521 308 533L604 854C617 867 629 875 646 875 663 875 679 871 692 858 704 846 713 829 713 812 713 796 708 779 692 767L438 487 692 225C700 217 708 204 708 187 708 171 704 154 692 142 675 129 663 125 646 125Z\"><\/path><\/svg>\t\t\t\t\t<\/div>\n\t\t\t\t\t<div class=\"elementor-swiper-button elementor-swiper-button-next\" role=\"button\" tabindex=\"0\">\n\t\t\t\t\t\t<svg aria-hidden=\"true\" class=\"e-font-icon-svg e-eicon-chevron-right\" viewBox=\"0 0 1000 1000\" xmlns=\"http:\/\/www.w3.org\/2000\/svg\"><path d=\"M696 533C708 521 713 504 713 487 713 471 708 454 696 446L400 146C388 133 375 125 354 125 338 125 325 129 313 142 300 154 292 171 292 187 292 204 296 221 308 233L563 492 304 771C292 783 288 800 288 817 288 833 296 850 308 863 321 871 338 875 354 875 371 875 388 867 400 854L696 533Z\"><\/path><\/svg>\t\t\t\t\t<\/div>\n\t\t\t\t\n\t\t\t\t\t\t\t\t\t<div class=\"swiper-pagination\"><\/div>\n\t\t\t\t\t\t\t\t\t<\/div>\n\t\t\t\t\t\t<\/div>\n\t\t\t\t\t<\/div>\n\t\t<\/div>\n\t\t\t\t\t<\/div>\n\t\t<\/section>\n\t\t\t\t<section class=\"elementor-section elementor-top-section elementor-element elementor-element-065d514 elementor-section-boxed elementor-section-height-default elementor-section-height-default\" data-id=\"065d514\" data-element_type=\"section\" data-e-type=\"section\">\n\t\t\t\t\t\t<div class=\"elementor-container elementor-column-gap-default\">\n\t\t\t\t\t<div class=\"elementor-column elementor-col-100 elementor-top-column elementor-element elementor-element-9f661b7\" data-id=\"9f661b7\" data-element_type=\"column\" data-e-type=\"column\">\n\t\t\t<div class=\"elementor-widget-wrap elementor-element-populated\">\n\t\t\t\t\t\t<div class=\"elementor-element elementor-element-6a239b2 elementor-widget-divider--view-line elementor-widget elementor-widget-divider\" data-id=\"6a239b2\" data-element_type=\"widget\" data-e-type=\"widget\" data-widget_type=\"divider.default\">\n\t\t\t\t\t\t\t<div class=\"elementor-divider\">\n\t\t\t<span class=\"elementor-divider-separator\">\n\t\t\t\t\t\t<\/span>\n\t\t<\/div>\n\t\t\t\t\t\t<\/div>\n\t\t\t\t\t<\/div>\n\t\t<\/div>\n\t\t\t\t\t<\/div>\n\t\t<\/section>\n\t\t\t\t<section class=\"elementor-section elementor-top-section elementor-element elementor-element-25a3f12 elementor-section-boxed elementor-section-height-default elementor-section-height-default\" data-id=\"25a3f12\" data-element_type=\"section\" data-e-type=\"section\">\n\t\t\t\t\t\t<div class=\"elementor-container elementor-column-gap-default\">\n\t\t\t\t\t<div class=\"elementor-column elementor-col-50 elementor-top-column elementor-element elementor-element-1854518\" data-id=\"1854518\" data-element_type=\"column\" data-e-type=\"column\">\n\t\t\t<div class=\"elementor-widget-wrap elementor-element-populated\">\n\t\t\t\t\t\t<div class=\"elementor-element elementor-element-815586c elementor-widget elementor-widget-text-editor\" data-id=\"815586c\" data-element_type=\"widget\" data-e-type=\"widget\" data-widget_type=\"text-editor.default\">\n\t\t\t\t\t\t\t\t\t<div data-olk-copy-source=\"MessageBody\"><h2><span style=\"text-decoration: underline;\">\u201eWola do przedszkola\u201d \u00a0&#8211; Projekt Dzielnicy Wola m. st. Warszawy<\/span><\/h2><\/div><div data-olk-copy-source=\"MessageBody\">Przedszkola na Woli stale d\u0105\u017c\u0105 do podnoszenia jako\u015bci edukacji i rozwoju najm\u0142odszych. Nasze Przedszkole nr 124 jest w gronie 11 plac\u00f3wek bior\u0105cych udzia\u0142 w\u00a0 pilota\u017cowym projekcie \u201eWola do przedszkola\u201d.<\/div><div>W ramach projektu \u201eWola do przedszkola\u201d wdro\u017c\u0119 s\u0105 nowoczesne rozwi\u0105zania, kt\u00f3re maj\u0105 na celu zwi\u0119kszenie jako\u015bci edukacji oraz usprawnienie funkcjonowania plac\u00f3wek. Nasza plac\u00f3wka od wielu lat promuje koncepcje pedagogiczna Celestyna Freineta, kt\u00f3rej g\u0142\u00f3wne za\u0142o\u017ceniem jest to skupienie ca\u0142ej uwagi na dziecku, opartym na rozumowym wykorzystaniu zainteresowa\u0144 dziecka i zaspakajaniu jego potrzeb rozwojowych.<\/div><div>Przedszkole nr 124 przy ulicy Dzielnej 15B urozmaica swoje dzia\u0142ania o elementy preorientacji zawodowej oraz tworzy przestrze\u0144 do wsp\u00f3lnych dzia\u0142a\u0144 dzieci, rodzic\u00f3w, pracownik\u00f3w przedszkola.<\/div>\t\t\t\t\t\t\t\t<\/div>\n\t\t\t\t\t<\/div>\n\t\t<\/div>\n\t\t\t\t<div class=\"elementor-column elementor-col-50 elementor-top-column elementor-element elementor-element-f0caf04\" data-id=\"f0caf04\" data-element_type=\"column\" data-e-type=\"column\">\n\t\t\t<div class=\"elementor-widget-wrap elementor-element-populated\">\n\t\t\t\t\t\t<div class=\"elementor-element elementor-element-e5ba778 elementor-widget__width-initial elementor-widget elementor-widget-image\" data-id=\"e5ba778\" data-element_type=\"widget\" data-e-type=\"widget\" data-widget_type=\"image.default\">\n\t\t\t\t\t\t\t\t\t\t\t\t\t\t\t<img decoding=\"async\" width=\"768\" height=\"1184\" src=\"https:\/\/przedszkole124.eu\/wp-content\/uploads\/2025\/11\/wola_do_przedszkola.jpg\" class=\"attachment-medium_large size-medium_large wp-image-435\" alt=\"\" \/>\t\t\t\t\t\t\t\t\t\t\t\t\t\t\t<\/div>\n\t\t\t\t\t<\/div>\n\t\t<\/div>\n\t\t\t\t\t<\/div>\n\t\t<\/section>\n\t\t\t\t<section class=\"elementor-section elementor-top-section elementor-element elementor-element-95f1d0f elementor-section-boxed elementor-section-height-default elementor-section-height-default\" data-id=\"95f1d0f\" data-element_type=\"section\" data-e-type=\"section\">\n\t\t\t\t\t\t<div class=\"elementor-container elementor-column-gap-default\">\n\t\t\t\t\t<div class=\"elementor-column elementor-col-100 elementor-top-column elementor-element elementor-element-255061e\" data-id=\"255061e\" data-element_type=\"column\" data-e-type=\"column\">\n\t\t\t<div class=\"elementor-widget-wrap elementor-element-populated\">\n\t\t\t\t\t\t<div class=\"elementor-element elementor-element-c174fec elementor-widget-divider--view-line elementor-widget elementor-widget-divider\" data-id=\"c174fec\" data-element_type=\"widget\" data-e-type=\"widget\" data-widget_type=\"divider.default\">\n\t\t\t\t\t\t\t<div class=\"elementor-divider\">\n\t\t\t<span class=\"elementor-divider-separator\">\n\t\t\t\t\t\t<\/span>\n\t\t<\/div>\n\t\t\t\t\t\t<\/div>\n\t\t\t\t\t<\/div>\n\t\t<\/div>\n\t\t\t\t\t<\/div>\n\t\t<\/section>\n\t\t\t\t<section class=\"elementor-section elementor-top-section elementor-element elementor-element-3328c9d elementor-section-boxed elementor-section-height-default elementor-section-height-default\" data-id=\"3328c9d\" data-element_type=\"section\" data-e-type=\"section\">\n\t\t\t\t\t\t<div class=\"elementor-container elementor-column-gap-default\">\n\t\t\t\t\t<div class=\"elementor-column elementor-col-100 elementor-top-column elementor-element elementor-element-1b45b67\" data-id=\"1b45b67\" data-element_type=\"column\" data-e-type=\"column\">\n\t\t\t<div class=\"elementor-widget-wrap elementor-element-populated\">\n\t\t\t\t\t\t<div class=\"elementor-element elementor-element-dd81119 elementor-widget elementor-widget-text-editor\" data-id=\"dd81119\" data-element_type=\"widget\" data-e-type=\"widget\" data-widget_type=\"text-editor.default\">\n\t\t\t\t\t\t\t\t\t<h3><span style=\"text-decoration: underline;\">Zdrowo i sportowo \u2013 Og\u00f3lnopolski Projekt Edukacyjny<\/span><\/h3><p>Celem projektu jest:<br \/><strong>&#8211;\u00a0<\/strong>zwi\u0119kszanie \u015bwiadomo\u015bci doros\u0142ych opiekun\u00f3w dzieci na temat roli i wagi aktywno\u015bci fizycznej (r\u00f3wnie\u017c odpowiedniego od\u017cywiania i odpoczynku, tzn. w\u0142a\u015bciwej dawki i jako\u015bci snu) w prawid\u0142owym rozwoju fizycznym oraz psychicznym dziecka, a tak\u017ce przeciwdzia\u0142aniu pandemii chor\u00f3b cywilizacyjnych (w tym nadwagi i oty\u0142o\u015bci, cukrzycy typu 2, wad postawy).<br \/>&#8211; dostarczenie wiedzy i gotowych rozwi\u0105za\u0144 w postaci scenariuszy zaj\u0119\u0107, materia\u0142\u00f3w edukacyjnych i komunikacyjnych, spotka\u0144 ze specjalistami, webinari\u00f3w oraz zaj\u0119\u0107 online. Wa\u017cn\u0105 rol\u0119 odgrywa r\u00f3wnie aspekt u\u015bwiadomienia zmiany w podej\u015bciu do wczesnej specjalizacji w sporcie oraz \u015bwiadomego minimalizowania zbyt wczesnej rywalizacji.<\/p>\t\t\t\t\t\t\t\t<\/div>\n\t\t\t\t\t<\/div>\n\t\t<\/div>\n\t\t\t\t\t<\/div>\n\t\t<\/section>\n\t\t\t\t<\/div>\n\t\t","protected":false},"excerpt":{"rendered":"<p>&#8221;Wehiku\u0142 czasu-STEAMowa podr\u00f3\u017c przez \u015bwiat sztuki&#8221; Og\u00f3lnopolski Projekt Edukacyjny &#8222;Czuciaki z krainy emocji&#8221; Podczas tej fascynuj\u0105cej ca\u0142orocznej przygody uczestnicy spotkaj\u0105 si\u0119 z Czuciakami. Te ma\u0142e stworzenia o intryguj\u0105cej nazwie przyb\u0119d\u0105 prosto z Krainy Emocji ze specjaln\u0105 misj\u0105 \u2013 pomog\u0105 nam pozna\u0107, zrozumie\u0107 i regulowa\u0107 nasze emocje.Cele projektu:&#8211; kszta\u0142tuje kompetencje spo\u0142ecznych,&#8211; rozpoznawanie emocji,&#8211; tworzymy okazje do [&hellip;]<\/p>\n","protected":false},"author":1,"featured_media":0,"parent":0,"menu_order":0,"comment_status":"closed","ping_status":"closed","template":"","meta":{"ocean_post_layout":"","ocean_both_sidebars_style":"","ocean_both_sidebars_content_width":0,"ocean_both_sidebars_sidebars_width":0,"ocean_sidebar":"","ocean_second_sidebar":"","ocean_disable_margins":"enable","ocean_add_body_class":"","ocean_shortcode_before_top_bar":"","ocean_shortcode_after_top_bar":"","ocean_shortcode_before_header":"","ocean_shortcode_after_header":"","ocean_has_shortcode":"","ocean_shortcode_after_title":"","ocean_shortcode_before_footer_widgets":"","ocean_shortcode_after_footer_widgets":"","ocean_shortcode_before_footer_bottom":"","ocean_shortcode_after_footer_bottom":"","ocean_display_top_bar":"default","ocean_display_header":"default","ocean_header_style":"","ocean_center_header_left_menu":"","ocean_custom_header_template":"","ocean_custom_logo":0,"ocean_custom_retina_logo":0,"ocean_custom_logo_max_width":0,"ocean_custom_logo_tablet_max_width":0,"ocean_custom_logo_mobile_max_width":0,"ocean_custom_logo_max_height":0,"ocean_custom_logo_tablet_max_height":0,"ocean_custom_logo_mobile_max_height":0,"ocean_header_custom_menu":"","ocean_menu_typo_font_family":"","ocean_menu_typo_font_subset":"","ocean_menu_typo_font_size":0,"ocean_menu_typo_font_size_tablet":0,"ocean_menu_typo_font_size_mobile":0,"ocean_menu_typo_font_size_unit":"px","ocean_menu_typo_font_weight":"","ocean_menu_typo_font_weight_tablet":"","ocean_menu_typo_font_weight_mobile":"","ocean_menu_typo_transform":"","ocean_menu_typo_transform_tablet":"","ocean_menu_typo_transform_mobile":"","ocean_menu_typo_line_height":0,"ocean_menu_typo_line_height_tablet":0,"ocean_menu_typo_line_height_mobile":0,"ocean_menu_typo_line_height_unit":"","ocean_menu_typo_spacing":0,"ocean_menu_typo_spacing_tablet":0,"ocean_menu_typo_spacing_mobile":0,"ocean_menu_typo_spacing_unit":"","ocean_menu_link_color":"","ocean_menu_link_color_hover":"","ocean_menu_link_color_active":"","ocean_menu_link_background":"","ocean_menu_link_hover_background":"","ocean_menu_link_active_background":"","ocean_menu_social_links_bg":"","ocean_menu_social_hover_links_bg":"","ocean_menu_social_links_color":"","ocean_menu_social_hover_links_color":"","ocean_disable_title":"default","ocean_disable_heading":"default","ocean_post_title":"","ocean_post_subheading":"","ocean_post_title_style":"","ocean_post_title_background_color":"","ocean_post_title_background":0,"ocean_post_title_bg_image_position":"","ocean_post_title_bg_image_attachment":"","ocean_post_title_bg_image_repeat":"","ocean_post_title_bg_image_size":"","ocean_post_title_height":0,"ocean_post_title_bg_overlay":0.5,"ocean_post_title_bg_overlay_color":"","ocean_disable_breadcrumbs":"default","ocean_breadcrumbs_color":"","ocean_breadcrumbs_separator_color":"","ocean_breadcrumbs_links_color":"","ocean_breadcrumbs_links_hover_color":"","ocean_display_footer_widgets":"default","ocean_display_footer_bottom":"default","ocean_custom_footer_template":"","footnotes":""},"class_list":["post-433","page","type-page","status-publish","hentry","entry"],"_links":{"self":[{"href":"https:\/\/przedszkole124.eu\/index.php\/wp-json\/wp\/v2\/pages\/433","targetHints":{"allow":["GET"]}}],"collection":[{"href":"https:\/\/przedszkole124.eu\/index.php\/wp-json\/wp\/v2\/pages"}],"about":[{"href":"https:\/\/przedszkole124.eu\/index.php\/wp-json\/wp\/v2\/types\/page"}],"author":[{"embeddable":true,"href":"https:\/\/przedszkole124.eu\/index.php\/wp-json\/wp\/v2\/users\/1"}],"replies":[{"embeddable":true,"href":"https:\/\/przedszkole124.eu\/index.php\/wp-json\/wp\/v2\/comments?post=433"}],"version-history":[{"count":28,"href":"https:\/\/przedszkole124.eu\/index.php\/wp-json\/wp\/v2\/pages\/433\/revisions"}],"predecessor-version":[{"id":480,"href":"https:\/\/przedszkole124.eu\/index.php\/wp-json\/wp\/v2\/pages\/433\/revisions\/480"}],"wp:attachment":[{"href":"https:\/\/przedszkole124.eu\/index.php\/wp-json\/wp\/v2\/media?parent=433"}],"curies":[{"name":"wp","href":"https:\/\/api.w.org\/{rel}","templated":true}]}}