{"id":469,"date":"2025-11-26T10:34:12","date_gmt":"2025-11-26T10:34:12","guid":{"rendered":"http:\/\/przedszkole124.eu\/?page_id=469"},"modified":"2025-11-26T10:38:12","modified_gmt":"2025-11-26T10:38:12","slug":"wehikul-czasu-steamowa-podroz-przez-swiat-sztuki","status":"publish","type":"page","link":"https:\/\/przedszkole124.eu\/index.php\/wehikul-czasu-steamowa-podroz-przez-swiat-sztuki\/","title":{"rendered":"&#8221;Wehiku\u0142 czasu-STEAMowa podr\u00f3\u017c przez \u015bwiat sztuki&#8221;"},"content":{"rendered":"\t\t<div data-elementor-type=\"wp-page\" data-elementor-id=\"469\" class=\"elementor elementor-469\">\n\t\t\t\t\t\t<section class=\"elementor-section elementor-top-section elementor-element elementor-element-b05106e elementor-section-boxed elementor-section-height-default elementor-section-height-default\" data-id=\"b05106e\" data-element_type=\"section\" data-e-type=\"section\">\n\t\t\t\t\t\t<div class=\"elementor-container elementor-column-gap-default\">\n\t\t\t\t\t<div class=\"elementor-column elementor-col-100 elementor-top-column elementor-element elementor-element-6a3105c\" data-id=\"6a3105c\" data-element_type=\"column\" data-e-type=\"column\">\n\t\t\t<div class=\"elementor-widget-wrap elementor-element-populated\">\n\t\t\t\t\t\t<div class=\"elementor-element elementor-element-c9a1dc2 elementor-widget elementor-widget-text-editor\" data-id=\"c9a1dc2\" data-element_type=\"widget\" data-e-type=\"widget\" data-widget_type=\"text-editor.default\">\n\t\t\t\t\t\t\t\t\t<p>Opisy\u00a0<strong>warsztat\u00f3w- wrzesie\u0144<\/strong><\/p><p><strong>Warsztaty rodzinne z profesorem Ludwikiem Hirszfeldem<\/strong><\/p><p>W naszym przedszkolu odby\u0142y si\u0119 warsztaty rodzinne, kt\u00f3re przenios\u0142y dzieci i rodzic\u00f3w w \u015bwiat nauki i odkrywania. \u00a0Warsztaty prowadzi\u0142a Pani Monika wraz z Ludwikiem Hirszfeldem \u2013 wybitnym polskim lekarzem i naukowcem, kt\u00f3ry zajmowa\u0142 si\u0119 badaniami nad krwi\u0105 i odkry\u0142 zasady dziedziczenia grup krwi. Dzi\u0119ki jego pracy medycyna mog\u0142a bezpiecznie wykonywa\u0107 transfuzje i ratowa\u0107 \u017cycie wielu ludzi. Podczas warsztat\u00f3w rodziny obejrza\u0142y \u00a0fragment prezentacji, ustalili\u015bmy zasady w naszym przedszkolnym laboratorium a potem rozpocz\u0119\u0142a si\u0119 prawdziwa naukowa przygoda. Dzieci z rodzicami przygotowywa\u0142y kolorowego slime\u2019a \u2013 r\u00f3\u017cowego glutka, obserwowa\u0142y, jak b\u0142\u0119kit bromotymolowy zmienia barw\u0119 pod wp\u0142ywem r\u00f3\u017cnych substancji, a tak\u017ce wsp\u00f3lnie wywo\u0142ywa\u0142y erupcj\u0119 wulkanu czy tworzy\u0142y wir wodny. Atmosfera by\u0142a wyj\u0105tkowa, wszyscy byli skupieni na wykonywaniu zada\u0144, a rodzice stali si\u0119 prawdziw\u0105 podpor\u0105 dla swoich dzieci. Razem liczyli krople, mieszali sk\u0142adniki i z rado\u015bci\u0105 obserwowali niezwyk\u0142e efekty. Warsztaty zosta\u0142y zrealizowane w ramach projektu edukacji kulturalnej \u201eWehiku\u0142 czasu \u2013 STEAMowa podr\u00f3\u017c przez \u015bwiat sztuki. Dotkn\u0105\u0107 przesz\u0142o\u015bci, dzia\u0142a\u0107 w tera\u017aniejszo\u015bci, tworzy\u0107 przysz\u0142o\u015b\u0107\u201d. Zaj\u0119cia prowadzone by\u0142y w duchu modelu STEAM, kt\u00f3ry \u0142\u0105czy nauk\u0119, technologi\u0119, in\u017cynieri\u0119, sztuk\u0119 i matematyk\u0119. Dzi\u0119ki temu dzieci mog\u0142y nie tylko zobaczy\u0107 pi\u0119kne efekty chemicznych reakcji, ale tak\u017ce poczu\u0107 si\u0119 jak prawdziwi naukowcy, u\u017cywaj\u0105c profesjonalnych przybor\u00f3w, tworz\u0105c w\u0142asne do\u015bwiadczenia i rozwijaj\u0105c swoj\u0105 kreatywno\u015b\u0107. Warsztaty by\u0142y doskona\u0142ym przyk\u0142adem, \u017ce nauka mo\u017ce by\u0107 zabaw\u0105, a wsp\u00f3lne odkrywanie z rodzicami daje dzieciom ogromn\u0105 rado\u015b\u0107 i poczucie sukcesu.<\/p><p><strong>Spotkanie z kr\u00f3low\u0105 Egiptu Nefertiti<\/strong><\/p><p>Podczas kolejnego etapu projektu \u201eWehiku\u0142 czasu \u2013 STEAMowa podr\u00f3\u017c przez \u015bwiat sztuki. Dotkn\u0105\u0107 przesz\u0142o\u015bci, dzia\u0142a\u0107 w tera\u017aniejszo\u015bci, tworzy\u0107 przysz\u0142o\u015b\u0107\u201d dzieci odby\u0142y niezwyk\u0142\u0105 wypraw\u0119 do staro\u017cytnego Egiptu. Dzi\u0119ki magicznemu wehiku\u0142owi \u00a0czasu razem z Tomem i Nik\u0105 przenios\u0142y si\u0119 do ceramicznej pracowni samej kr\u00f3lowej Nefertiti, jednej z najs\u0142ynniejszych postaci \u015bwiata sztuki i kultury. Kr\u00f3lowa opowiedzia\u0142a, jak wa\u017cna by\u0142a w jej czasach glina \u2013 z niej powstawa\u0142y naczynia, figurki, ozdoby i ceg\u0142y. Mali arty\u015bci mogli pozna\u0107 narz\u0119dzia u\u017cywane przez dawnych rzemie\u015blnik\u00f3w, a w swoich w\u0142asnych pude\u0142kach odkryli zestawy do pracy: cykliny, linijki, g\u0105bki, rysiki i oczka. Najpierw wsp\u00f3lnie om\u00f3wili\u015bmy, do czego s\u0142u\u017c\u0105 poszczeg\u00f3lne narz\u0119dzia, a nast\u0119pnie dzieci przyst\u0105pi\u0142y do dzia\u0142ania, tworz\u0105c swoj\u0105 unikatow\u0105 sztuk\u0119 u\u017cytkow\u0105. Pani Monika zadba\u0142a o to by ca\u0142e spotkanie przebiega\u0142o w duchu STEAM. By\u0142a w nim nauka, gdy dzieci dowiedzia\u0142y si\u0119, jak zmieniaj\u0105 si\u0119 w\u0142a\u015bciwo\u015bci gliny podczas suszenia i wypa\u0142u. Pojawi\u0142a si\u0119 technologia, gdy poznawa\u0142y narz\u0119dzia dawnych rzemie\u015blnik\u00f3w i ich wsp\u00f3\u0142czesne odpowiedniki. Z elementami in\u017cynierii wi\u0105za\u0142o si\u0119 testowanie, jak u\u017cywa\u0107 narz\u0119dzi, aby nada\u0107 glinie odpowiedni kszta\u0142t i funkcj\u0119. Nie mog\u0142o zabrakn\u0105\u0107 sztuki, dzieci tworzy\u0142y swoje miseczki, talerzyki i figurki, inspiruj\u0105c si\u0119 bogactwem staro\u017cytnego Egiptu. A matematyka towarzyszy\u0142a im przy planowaniu proporcji i zachowaniu symetrii podczas pracy. W efekcie powsta\u0142y niezwyk\u0142e dzie\u0142a pe\u0142ne wyobra\u017ani i precyzji. Warsztaty w pracowni kr\u00f3lowej Nefertiti by\u0142y prawdziw\u0105 podr\u00f3\u017c\u0105 w czasie, w kt\u00f3rej dzieci mog\u0142y dotkn\u0105\u0107 przesz\u0142o\u015bci, dzia\u0142a\u0107 w tera\u017aniejszo\u015bci i tworzy\u0107 przysz\u0142o\u015b\u0107.<\/p><p><strong>Helen Hiebert warsztaty projektowe<\/strong>&#8211;\u00a0<strong>Wehiku\u0142 czasu \u2013 STEAMowa podr\u00f3\u017c przez \u015bwiat sztuki.<\/strong><\/p><p>W ramach projektu \u201eWehiku\u0142 czasu \u2013 STEAMowa podr\u00f3\u017c przez \u015bwiat sztuki. Dotkn\u0105\u0107 przesz\u0142o\u015bci, dzia\u0142a\u0107 w tera\u017aniejszo\u015bci, tworzy\u0107 przysz\u0142o\u015b\u0107\u201d dzieci z naszego przedszkola wzi\u0119\u0142y udzia\u0142 w kolejnych warsztatach kulturalno-edukacyjnych. Tym razem bohaterk\u0105 zaj\u0119\u0107 by\u0142a Helen Hiebert \u2013 ameryka\u0144ska artystka i edukatorka, znana z pracy z papierem r\u0119cznie czerpanym i tworzenia przestrzennych form z tego materia\u0142u. W naszej grze edukacyjnej Tom i Nika spotkali si\u0119 z artystk\u0105 w jej pracowni i przekazali dzieciom ciekawostki na temat jej tw\u00f3rczo\u015bci, pokazuj\u0105c, \u017ce papier mo\u017ce by\u0107 nie tylko no\u015bnikiem tre\u015bci, ale i materia\u0142em artystycznym. Zainspirowane tym spotkaniem dzieci same wcieli\u0142y si\u0119 w rol\u0119 ma\u0142ych artyst\u00f3w i po raz pierwszy samodzielnie czerpa\u0142y papier, poznaj\u0105c ca\u0142y proces jego powstawania \u2013 od pulpy a\u017c po gotow\u0105 kartk\u0119. Warsztaty \u0142\u0105czy\u0142y elementy modelu STEAM \u2013 dzieci eksperymentowa\u0142y z wod\u0105, mas\u0105 papierow\u0105, form\u0105 i struktur\u0105, a jednocze\u015bnie rozwija\u0142y swoj\u0105 kreatywno\u015b\u0107 i wra\u017cliwo\u015b\u0107 artystyczn\u0105. Wykorzystali\u015bmy r\u00f3wnie\u017c elementy arteterapii, daj\u0105c dzieciom mo\u017cliwo\u015b\u0107 swobodnej ekspresji i kontaktu z naturalnym materia\u0142em, co przynios\u0142o im du\u017co rado\u015bci i satysfakcji. Nie zabrak\u0142o te\u017c zada\u0144 opartych na wsp\u00f3\u0142pracy, w duchu TUS dzieci pracowa\u0142y w parach i ma\u0142ych grupach, ucz\u0105c si\u0119 wsp\u00f3lnego dzia\u0142ania, dzielenia si\u0119 materia\u0142ami i wspierania siebie nawzajem.To by\u0142o spotkanie z papierem w zupe\u0142nie nowym wymiarze, dotkn\u0119li\u015bmy tradycji, do\u015bwiadczyli\u015bmy procesu tw\u00f3rczego i odkryli\u015bmy, \u017ce nawet najprostszy materia\u0142 mo\u017ce sta\u0107 si\u0119 \u017ar\u00f3d\u0142em wielkiej inspiracji.<\/p><p><strong>\u201eWehiku\u0142 czasu \u2013 STEAMowa podr\u00f3\u017c przez \u015bwiat sztuki\u201d &#8211;<\/strong><\/p><p>Za nami inspiruj\u0105ce zaj\u0119cia w ramach projektu edukacji kulturalnej \u201eWehiku\u0142 czasu \u2013 STEAMowa podr\u00f3\u017c przez \u015bwiat sztuki. Dotkn\u0105\u0107 przesz\u0142o\u015bci, dzia\u0142a\u0107 w tera\u017aniejszo\u015bci, tworzy\u0107 przysz\u0142o\u015b\u0107\u201d. Tym razem nasi mali odkrywcy spotkali si\u0119 z tw\u00f3rczo\u015bci\u0105 Romana Opa\u0142ki \u2013 artysty konceptualnego, kt\u00f3ry ca\u0142e \u017cycie malowa\u0142\u2026 czas, zapisuj\u0105c kolejne liczby jako form\u0119 jego mierzenia. W naszej edukacyjnej grze Tom i Nika odwiedzili pracowni\u0119 artysty i przekazali dzieciom ciekawe informacje o jego niezwyk\u0142ym pomy\u015ble na sztuk\u0119 i sposobie pracy. Podczas warsztat\u00f3w przedszkolaki \u0142\u0105czy\u0142y \u015bwiat sztuki z elementami kodowania \u2013 wykorzystywali\u015bmy maty do kodowania, kolorowe kubki, kartoniki i k\u00f3\u0142ka zadaniowe, kt\u00f3re pomog\u0142y nam w kreatywny spos\u00f3b odczytywa\u0107 i tworzy\u0107 \u201ekody sztuki\u201d. Dzieci wsp\u00f3lnie stworzy\u0142y wielkoformatowe dzie\u0142o inspirowane tw\u00f3rczo\u015bci\u0105 Opa\u0142ki \u2013 cyfry i rytm sta\u0142y si\u0119 naszym artystycznym j\u0119zykiem. W zaj\u0119ciach po\u0142\u0105czyli\u015bmy elementy modelu STEAM, arteterapii i TUS (Treningu Umiej\u0119tno\u015bci Spo\u0142ecznych), dzi\u0119ki czemu dzieci nie tylko rozwija\u0142y kompetencje z r\u00f3\u017cnych dziedzin, ale te\u017c uczy\u0142y si\u0119 wsp\u00f3\u0142pracy, komunikacji i wyra\u017cania emocji przez sztuk\u0119. To by\u0142a prawdziwa podr\u00f3\u017c przez czas \u2013 pe\u0142na kod\u00f3w, barw i znacze\u0144 a w\u00a0 tej podr\u00f3\u017cy pomog\u0142y dzieciom Geniboty- roboty do zada\u0144 specjalnych.<\/p>\t\t\t\t\t\t\t\t<\/div>\n\t\t\t\t\t<\/div>\n\t\t<\/div>\n\t\t\t\t\t<\/div>\n\t\t<\/section>\n\t\t\t\t<section class=\"elementor-section elementor-top-section elementor-element elementor-element-576328c elementor-section-boxed elementor-section-height-default elementor-section-height-default\" data-id=\"576328c\" data-element_type=\"section\" data-e-type=\"section\">\n\t\t\t\t\t\t<div class=\"elementor-container elementor-column-gap-default\">\n\t\t\t\t\t<div class=\"elementor-column elementor-col-50 elementor-top-column elementor-element elementor-element-8d3c122\" data-id=\"8d3c122\" data-element_type=\"column\" data-e-type=\"column\">\n\t\t\t<div class=\"elementor-widget-wrap elementor-element-populated\">\n\t\t\t\t\t\t<div class=\"elementor-element elementor-element-1282c43 elementor-widget elementor-widget-text-editor\" data-id=\"1282c43\" data-element_type=\"widget\" data-e-type=\"widget\" data-widget_type=\"text-editor.default\">\n\t\t\t\t\t\t\t\t\t<h2>Warsztaty kreatywne \u201ePapier czerpany\u201d<\/h2><div class=\"x_x_elementToProof\">\u00a0kszta\u0142towanie kompetencji poznawczych, tworzenia i rozumienia poj\u0119\u0107, \u00a0realizacja podstawy programowej.<\/div><div class=\"x_x_elementToProof\">Co to jest papier czerpany? Papier czerpany to specjalnie przygotowane tworzywo s\u0142u\u017c\u0105ce do pisania, do kt\u00f3rego produkcji wykorzystano mas\u0119 ro\u015blinn\u0105. Pierwszy papier czerpany powsta\u0142 w Chinach, mia\u0142o to miejsce w XV.<\/div>\t\t\t\t\t\t\t\t<\/div>\n\t\t\t\t\t<\/div>\n\t\t<\/div>\n\t\t\t\t<div class=\"elementor-column elementor-col-50 elementor-top-column elementor-element elementor-element-86ec6a0\" data-id=\"86ec6a0\" data-element_type=\"column\" data-e-type=\"column\">\n\t\t\t<div class=\"elementor-widget-wrap elementor-element-populated\">\n\t\t\t\t\t\t<div class=\"elementor-element elementor-element-10e164f elementor-arrows-position-inside elementor-pagination-position-outside elementor-widget elementor-widget-image-carousel\" data-id=\"10e164f\" data-element_type=\"widget\" data-e-type=\"widget\" data-settings=\"{&quot;slides_to_show&quot;:&quot;1&quot;,&quot;navigation&quot;:&quot;both&quot;,&quot;autoplay&quot;:&quot;yes&quot;,&quot;pause_on_hover&quot;:&quot;yes&quot;,&quot;pause_on_interaction&quot;:&quot;yes&quot;,&quot;autoplay_speed&quot;:5000,&quot;infinite&quot;:&quot;yes&quot;,&quot;effect&quot;:&quot;slide&quot;,&quot;speed&quot;:500}\" data-widget_type=\"image-carousel.default\">\n\t\t\t\t\t\t\t<div class=\"elementor-image-carousel-wrapper swiper\" role=\"region\" aria-roledescription=\"carousel\" aria-label=\"Karuzela obrazk\u00f3w\" dir=\"ltr\">\n\t\t\t<div class=\"elementor-image-carousel swiper-wrapper\" aria-live=\"off\">\n\t\t\t\t\t\t\t\t<div class=\"swiper-slide\" role=\"group\" aria-roledescription=\"slide\" aria-label=\"1 z 4\"><figure class=\"swiper-slide-inner\"><img decoding=\"async\" class=\"swiper-slide-image\" src=\"https:\/\/przedszkole124.eu\/wp-content\/uploads\/2025\/11\/wechikul-4-600x600.jpg\" alt=\"wechiku\u0142 4\" \/><\/figure><\/div><div class=\"swiper-slide\" role=\"group\" aria-roledescription=\"slide\" aria-label=\"2 z 4\"><figure class=\"swiper-slide-inner\"><img decoding=\"async\" class=\"swiper-slide-image\" src=\"https:\/\/przedszkole124.eu\/wp-content\/uploads\/2025\/11\/wechikul-600x600.jpg\" alt=\"wechiku\u0142\" \/><\/figure><\/div><div class=\"swiper-slide\" role=\"group\" aria-roledescription=\"slide\" aria-label=\"3 z 4\"><figure class=\"swiper-slide-inner\"><img decoding=\"async\" class=\"swiper-slide-image\" src=\"https:\/\/przedszkole124.eu\/wp-content\/uploads\/2025\/11\/wechikul2-600x600.jpg\" alt=\"wechiku\u01422\" \/><\/figure><\/div><div class=\"swiper-slide\" role=\"group\" aria-roledescription=\"slide\" aria-label=\"4 z 4\"><figure class=\"swiper-slide-inner\"><img decoding=\"async\" class=\"swiper-slide-image\" src=\"https:\/\/przedszkole124.eu\/wp-content\/uploads\/2025\/11\/wechikul3-600x600.jpg\" alt=\"wechiku\u01423\" \/><\/figure><\/div>\t\t\t<\/div>\n\t\t\t\t\t\t\t\t\t\t\t\t<div class=\"elementor-swiper-button elementor-swiper-button-prev\" role=\"button\" tabindex=\"0\">\n\t\t\t\t\t\t<svg aria-hidden=\"true\" class=\"e-font-icon-svg e-eicon-chevron-left\" viewBox=\"0 0 1000 1000\" xmlns=\"http:\/\/www.w3.org\/2000\/svg\"><path d=\"M646 125C629 125 613 133 604 142L308 442C296 454 292 471 292 487 292 504 296 521 308 533L604 854C617 867 629 875 646 875 663 875 679 871 692 858 704 846 713 829 713 812 713 796 708 779 692 767L438 487 692 225C700 217 708 204 708 187 708 171 704 154 692 142 675 129 663 125 646 125Z\"><\/path><\/svg>\t\t\t\t\t<\/div>\n\t\t\t\t\t<div class=\"elementor-swiper-button elementor-swiper-button-next\" role=\"button\" tabindex=\"0\">\n\t\t\t\t\t\t<svg aria-hidden=\"true\" class=\"e-font-icon-svg e-eicon-chevron-right\" viewBox=\"0 0 1000 1000\" xmlns=\"http:\/\/www.w3.org\/2000\/svg\"><path d=\"M696 533C708 521 713 504 713 487 713 471 708 454 696 446L400 146C388 133 375 125 354 125 338 125 325 129 313 142 300 154 292 171 292 187 292 204 296 221 308 233L563 492 304 771C292 783 288 800 288 817 288 833 296 850 308 863 321 871 338 875 354 875 371 875 388 867 400 854L696 533Z\"><\/path><\/svg>\t\t\t\t\t<\/div>\n\t\t\t\t\n\t\t\t\t\t\t\t\t\t<div class=\"swiper-pagination\"><\/div>\n\t\t\t\t\t\t\t\t\t<\/div>\n\t\t\t\t\t\t<\/div>\n\t\t\t\t\t<\/div>\n\t\t<\/div>\n\t\t\t\t\t<\/div>\n\t\t<\/section>\n\t\t\t\t<\/div>\n\t\t","protected":false},"excerpt":{"rendered":"<p>Opisy\u00a0warsztat\u00f3w- wrzesie\u0144 Warsztaty rodzinne z profesorem Ludwikiem Hirszfeldem W naszym przedszkolu odby\u0142y si\u0119 warsztaty rodzinne, kt\u00f3re przenios\u0142y dzieci i rodzic\u00f3w w \u015bwiat nauki i odkrywania. \u00a0Warsztaty prowadzi\u0142a Pani Monika wraz z Ludwikiem Hirszfeldem \u2013 wybitnym polskim lekarzem i naukowcem, kt\u00f3ry zajmowa\u0142 si\u0119 badaniami nad krwi\u0105 i odkry\u0142 zasady dziedziczenia grup krwi. Dzi\u0119ki jego pracy medycyna [&hellip;]<\/p>\n","protected":false},"author":1,"featured_media":0,"parent":0,"menu_order":0,"comment_status":"closed","ping_status":"closed","template":"","meta":{"ocean_post_layout":"","ocean_both_sidebars_style":"","ocean_both_sidebars_content_width":0,"ocean_both_sidebars_sidebars_width":0,"ocean_sidebar":"","ocean_second_sidebar":"","ocean_disable_margins":"enable","ocean_add_body_class":"","ocean_shortcode_before_top_bar":"","ocean_shortcode_after_top_bar":"","ocean_shortcode_before_header":"","ocean_shortcode_after_header":"","ocean_has_shortcode":"","ocean_shortcode_after_title":"","ocean_shortcode_before_footer_widgets":"","ocean_shortcode_after_footer_widgets":"","ocean_shortcode_before_footer_bottom":"","ocean_shortcode_after_footer_bottom":"","ocean_display_top_bar":"default","ocean_display_header":"default","ocean_header_style":"","ocean_center_header_left_menu":"","ocean_custom_header_template":"","ocean_custom_logo":0,"ocean_custom_retina_logo":0,"ocean_custom_logo_max_width":0,"ocean_custom_logo_tablet_max_width":0,"ocean_custom_logo_mobile_max_width":0,"ocean_custom_logo_max_height":0,"ocean_custom_logo_tablet_max_height":0,"ocean_custom_logo_mobile_max_height":0,"ocean_header_custom_menu":"","ocean_menu_typo_font_family":"","ocean_menu_typo_font_subset":"","ocean_menu_typo_font_size":0,"ocean_menu_typo_font_size_tablet":0,"ocean_menu_typo_font_size_mobile":0,"ocean_menu_typo_font_size_unit":"px","ocean_menu_typo_font_weight":"","ocean_menu_typo_font_weight_tablet":"","ocean_menu_typo_font_weight_mobile":"","ocean_menu_typo_transform":"","ocean_menu_typo_transform_tablet":"","ocean_menu_typo_transform_mobile":"","ocean_menu_typo_line_height":0,"ocean_menu_typo_line_height_tablet":0,"ocean_menu_typo_line_height_mobile":0,"ocean_menu_typo_line_height_unit":"","ocean_menu_typo_spacing":0,"ocean_menu_typo_spacing_tablet":0,"ocean_menu_typo_spacing_mobile":0,"ocean_menu_typo_spacing_unit":"","ocean_menu_link_color":"","ocean_menu_link_color_hover":"","ocean_menu_link_color_active":"","ocean_menu_link_background":"","ocean_menu_link_hover_background":"","ocean_menu_link_active_background":"","ocean_menu_social_links_bg":"","ocean_menu_social_hover_links_bg":"","ocean_menu_social_links_color":"","ocean_menu_social_hover_links_color":"","ocean_disable_title":"default","ocean_disable_heading":"default","ocean_post_title":"","ocean_post_subheading":"","ocean_post_title_style":"","ocean_post_title_background_color":"","ocean_post_title_background":0,"ocean_post_title_bg_image_position":"","ocean_post_title_bg_image_attachment":"","ocean_post_title_bg_image_repeat":"","ocean_post_title_bg_image_size":"","ocean_post_title_height":0,"ocean_post_title_bg_overlay":0.5,"ocean_post_title_bg_overlay_color":"","ocean_disable_breadcrumbs":"default","ocean_breadcrumbs_color":"","ocean_breadcrumbs_separator_color":"","ocean_breadcrumbs_links_color":"","ocean_breadcrumbs_links_hover_color":"","ocean_display_footer_widgets":"default","ocean_display_footer_bottom":"default","ocean_custom_footer_template":"","footnotes":""},"class_list":["post-469","page","type-page","status-publish","hentry","entry"],"_links":{"self":[{"href":"https:\/\/przedszkole124.eu\/index.php\/wp-json\/wp\/v2\/pages\/469","targetHints":{"allow":["GET"]}}],"collection":[{"href":"https:\/\/przedszkole124.eu\/index.php\/wp-json\/wp\/v2\/pages"}],"about":[{"href":"https:\/\/przedszkole124.eu\/index.php\/wp-json\/wp\/v2\/types\/page"}],"author":[{"embeddable":true,"href":"https:\/\/przedszkole124.eu\/index.php\/wp-json\/wp\/v2\/users\/1"}],"replies":[{"embeddable":true,"href":"https:\/\/przedszkole124.eu\/index.php\/wp-json\/wp\/v2\/comments?post=469"}],"version-history":[{"count":4,"href":"https:\/\/przedszkole124.eu\/index.php\/wp-json\/wp\/v2\/pages\/469\/revisions"}],"predecessor-version":[{"id":477,"href":"https:\/\/przedszkole124.eu\/index.php\/wp-json\/wp\/v2\/pages\/469\/revisions\/477"}],"wp:attachment":[{"href":"https:\/\/przedszkole124.eu\/index.php\/wp-json\/wp\/v2\/media?parent=469"}],"curies":[{"name":"wp","href":"https:\/\/api.w.org\/{rel}","templated":true}]}}