{"id":506,"date":"2025-12-01T10:21:59","date_gmt":"2025-12-01T10:21:59","guid":{"rendered":"http:\/\/przedszkole124.eu\/?page_id=506"},"modified":"2026-03-05T08:55:10","modified_gmt":"2026-03-05T08:55:10","slug":"biuletyn-informacji-publicznej","status":"publish","type":"page","link":"https:\/\/przedszkole124.eu\/index.php\/biuletyn-informacji-publicznej\/","title":{"rendered":"Biuletyn Informacji Publicznej"},"content":{"rendered":"\t\t<div data-elementor-type=\"wp-page\" data-elementor-id=\"506\" class=\"elementor elementor-506\">\n\t\t\t\t\t\t<section class=\"elementor-section elementor-top-section elementor-element elementor-element-e40ca75 elementor-section-boxed elementor-section-height-default elementor-section-height-default\" data-id=\"e40ca75\" data-element_type=\"section\" data-e-type=\"section\">\n\t\t\t\t\t\t<div class=\"elementor-container elementor-column-gap-default\">\n\t\t\t\t\t<div class=\"elementor-column elementor-col-100 elementor-top-column elementor-element elementor-element-b1c88ea\" data-id=\"b1c88ea\" data-element_type=\"column\" data-e-type=\"column\">\n\t\t\t<div class=\"elementor-widget-wrap elementor-element-populated\">\n\t\t\t\t\t\t<div class=\"elementor-element elementor-element-3034fa8 elementor-widget elementor-widget-icon-box\" data-id=\"3034fa8\" data-element_type=\"widget\" data-e-type=\"widget\" data-widget_type=\"icon-box.default\">\n\t\t\t\t\t\t\t<div class=\"elementor-icon-box-wrapper\">\n\n\t\t\t\n\t\t\t\t\t\t<div class=\"elementor-icon-box-content\">\n\n\t\t\t\t\t\t\t\t\t<h3 class=\"elementor-icon-box-title\">\n\t\t\t\t\t\t<a href=\"http:\/\/przedszkole124.eu\/wp-content\/uploads\/2026\/02\/Klauzula-informacyjna-sygnalista-2.pdf\" >\n\t\t\t\t\t\t\tKlauzula informacyjna sygnalista\t\t\t\t\t\t<\/a>\n\t\t\t\t\t<\/h3>\n\t\t\t\t\n\t\t\t\t\n\t\t\t<\/div>\n\t\t\t\n\t\t<\/div>\n\t\t\t\t\t\t<\/div>\n\t\t\t\t\t<\/div>\n\t\t<\/div>\n\t\t\t\t\t<\/div>\n\t\t<\/section>\n\t\t\t\t<section class=\"elementor-section elementor-top-section elementor-element elementor-element-5f67611 elementor-section-boxed elementor-section-height-default elementor-section-height-default\" data-id=\"5f67611\" data-element_type=\"section\" data-e-type=\"section\">\n\t\t\t\t\t\t<div class=\"elementor-container elementor-column-gap-default\">\n\t\t\t\t\t<div class=\"elementor-column elementor-col-100 elementor-top-column elementor-element elementor-element-5db759b\" data-id=\"5db759b\" data-element_type=\"column\" data-e-type=\"column\">\n\t\t\t<div class=\"elementor-widget-wrap elementor-element-populated\">\n\t\t\t\t\t\t<div class=\"elementor-element elementor-element-c5de62a elementor-widget elementor-widget-text-editor\" data-id=\"c5de62a\" data-element_type=\"widget\" data-e-type=\"widget\" data-widget_type=\"text-editor.default\">\n\t\t\t\t\t\t\t\t\t<p>Przedszkole nr 124 w Warszawie<br \/>Ul. Dzielna 15b\u00a0<br \/>01-029 Warszawa<br \/>tel.: 22 838 36 34<br \/>e-mail: p124@eduwarszawa.pl<br \/>NIP: 5272136472<br \/>REGON: 013001133<br \/><a href=\"http:\/\/przedszkole124.eu\/wp-content\/uploads\/2025\/12\/statut-przedszkola-nr-124.pdf\">Statut Przedszkola nr 124<\/a><\/p><p>Godziny otwarcia:<br \/><label>poniedzia\u0142ek <\/label>07:00 &#8211; 17:00<br \/><label>wtorek <\/label>07:00 &#8211; 17:00<br \/><label>\u015broda <\/label>07:00 &#8211; 17:00<br \/><label>czwartek <\/label>07:00 &#8211; 17:00<br \/><label>pi\u0105tek <\/label>07:00 &#8211; 17:00<\/p><p><strong>Dyrektor:<br \/><\/strong>Dyrektorem Przedszkola jest Renata Stawczyk-Mizi\u0144ska<br \/>Dyrektor przyjmuje interesant\u00f3w codziennie w godzinach pracy przedszkola po wcze\u015bniejszym um\u00f3wieniu si\u0119 telefonicznym<br \/>tel:. 22 838 36 34<br \/>e-mail: RStawczyk@eduwarszawa.pl<br \/>Dyrektor jest organem plac\u00f3wki uprawnionym do kierowania jej bie\u017c\u0105c\u0105 dzia\u0142alno\u015bci\u0105 i reprezentowania jej na zewn\u0105trz. Kompetencje Dyrektora okre\u015bla art. 68 ustaw z dnia 10 maja 2018 r. o Prawo O\u015bwiatowe oraz Statut Przedszkola.<\/p><p><strong>Administracja<\/strong><br \/>kierownik gospodarczy\/sekretarka \u2013 Gabriela Zahorowicz<br \/>przyjmuje codziennie w godz. 7.30 -15.30<br \/>sekretarka\/kierownik gospodarczy \u2013 Valentyna Perun<br \/>godziny pracy sekretariatu: poniedzia\u0142ek &#8211; pi\u0105tek \u2013 8.00 -13.00<\/p><p><strong>Obs\u0142uga<\/strong><br \/>pomoc nauczyciela<br \/>st. wo\u017ana, kucharka<br \/>pomoc kucharki<br \/>st. dozorca<br \/>Pracownicy administracji i obs\u0142ugi wsp\u00f3\u0142pracuj\u0105 z nauczycielami w zakresie\u00a0opieki\u00a0i\u00a0wychowania\u00a0dzieci\u00a0oraz\u00a0dbaj\u0105\u00a0o\u00a0ich\u00a0bezpiecze\u0144stwo<\/p><p><strong>Sprawozdania finansowe<br \/><\/strong><a href=\"https:\/\/dbfo-wola.waw.pl\/Sprawozdania\/2024\/P124\/p124.pdf\">Sprawozdanie finansowe za rok 2024<\/a><br \/><a href=\"http:\/\/przedszkole124.eu\/wp-content\/uploads\/2026\/02\/p124-sprawozdanie-2023.pdf\" target=\"_blank\" rel=\"noopener\">Sprawozdanie finansowe za rok 2023<\/a><br \/><a href=\"http:\/\/przedszkole124.eu\/wp-content\/uploads\/2026\/02\/p124-2022-sprawozdanie.pdf\" target=\"_blank\" rel=\"noopener\">Sprawozdanie finansowe za rok 2022<\/a><br \/><a href=\"http:\/\/przedszkole124.eu\/wp-content\/uploads\/2026\/02\/p124-2021-sprawozdanie.pdf\" target=\"_blank\" rel=\"noopener\">Sprawozdanie finansowe za rok 2021<\/a><\/p><p class=\"main-title \"><strong>Rada Pedagogiczna<br \/><\/strong>Zadania, organizacj\u0119 i tryb pracy Rady Pedagogicznej Przedszkola nr 124 w Warszawie zawarte s\u0105 w regulaminie.<br \/>Rada Pedagogiczna jest kolegialnym organem przedszkola w zakresie realizacji statutowych zada\u0144 dotycz\u0105cych kszta\u0142cenia, wychowania i opieki.<br \/>W sk\u0142ad rady pedagogicznej wchodz\u0105: dyrektor przedszkola i wszyscy nauczyciele zatrudnieni w plac\u00f3wce; w zebraniach rady pedagogicznej mog\u0105 r\u00f3wnie\u017c bra\u0107 udzia\u0142, z g\u0142osem doradczym, osoby zapraszane przez jej przewodnicz\u0105cego za zgod\u0105 lub na wniosek rady pedagogicznej, w tym przedstawiciele stowarzysze\u0144 i innych organizacji, kt\u00f3rych celem statutowym jest dzia\u0142alno\u015b\u0107 wychowawcza lub rozszerzanie i wzbogacanie form dzia\u0142alno\u015bci dydaktycznej, wychowawczej i opieku\u0144czej przedszkola.<br \/>Przewodnicz\u0105cym rady pedagogicznej jest dyrektor przedszkola.<br \/>Kompetencje stanowi\u0105ce i opiniuj\u0105ce rady pedagogicznej okre\u015bla ustawa.<\/p><h3>Sk\u0142ad Rady Pedagogicznej w roku szkolnym 2024\/2025:<\/h3><ol><li>\u00a0Renata Stawczyk-Mizi\u0144ska \u2013 nauczyciel dyplomowany, pedagog terapeuta, trener w o\u015bwiacie, Ekspert MEN, animator koncepcji pedagogicznej C. Freineta,<\/li><li>Anna Korzeniewska \u2013 nauczyciel dyplomowany, pedagog terapeuta, animator koncepcji pedagogicznej C. Freineta,<\/li><li>Agnieszka Kami\u0144ska \u2013 nauczyciel dyplomowany, pedagog specjalny, animator koncepcji pedagogicznej C. Freineta,<\/li><li>Agata Szyma\u0144ska \u2013 nauczyciel mianowany, instruktor rytmiki, instruktor sztuki,<\/li><li>Monika Gawron \u2013 nauczyciel mianowany, pedagog terapeuta, instruktor gimnastyki korekcyjnej, instruktor plastyki, nauczyciel glottodydaktyki,<\/li><li>Joanna Kostrz\u0105b \u2013 nauczyciel logopeda,<\/li><li>Katarzyna G\u0142owacka \u2013 nauczyciel kontraktowy,<\/li><li>Marta Zaboklicka \u2013 nauczyciel poczatkuj\u0105cy,<\/li><li>Monika Stopczy\u0144ska \u2013 nauczyciel j\u0119zyka angielskiego, terapeuta zaj\u0119ciowy,<\/li><li>Laskowska Beata \u2013 pedagog terapeuta, nauczyciel wspomagaj\u0105cy, specjalista edukacji i rehabilitacji os\u00f3b z niepe\u0142nosprawno\u015bci\u0105 s\u0142uchow\u0105, terapeuta os\u00f3b z zaburzeniami ze spektrum autyzmu,<\/li><li>Monika Paw\u0142owska \u2013 psycholog.<\/li><\/ol><p class=\"main-title \"><strong>Rada Rodzic\u00f3w<\/strong><br \/>Rada rodzic\u00f3w jest kolegialnym organem przedszkola, reprezentuj\u0105cym og\u00f3\u0142 rodzic\u00f3w w danym roku szkolnym.<br \/>Reprezentantami rodzic\u00f3w poszczeg\u00f3lnych oddzia\u0142\u00f3w s\u0105 rady oddzia\u0142owe rodzic\u00f3w, kt\u00f3re wybieraj\u0105 w tajnym g\u0142osowaniu ze swojego grona jednego przedstawiciela do rady rodzic\u00f3w.<br \/>Wewn\u0119trzn\u0105 struktur\u0119 rady rodzic\u00f3w, tryb jej pracy oraz szczeg\u00f3\u0142owy spos\u00f3b przeprowadzania wybor\u00f3w okre\u015bla \u201eRegulamin Rady Rodzic\u00f3w Przedszkola nr 124 ustalony przez jej cz\u0142onk\u00f3w.<br \/>Rada rodzic\u00f3w tworzy warunki wsp\u00f3\u0142dzia\u0142ania rodzic\u00f3w z nauczycielami we wszystkich dzia\u0142aniach przedszkola.<br \/>Kompetencje stanowi\u0105ce i opiniuj\u0105ce rady rodzic\u00f3w okre\u015bla ustawa.<br \/>W celu wspierania dzia\u0142alno\u015bci statutowej przedszkola, rada rodzic\u00f3w gromadzi fundusze z dobrowolnych sk\u0142adek rodzic\u00f3w oraz innych \u017ar\u00f3de\u0142. Zasady wydatkowania funduszy rady rodzic\u00f3w okre\u015bla regulamin, o kt\u00f3rym mowa w ust. 2.<br \/>Kontakt:<br \/>Agnieszka Go\u017ali\u0144ska \u2013 Przewodnicz\u0105ca Rady Rodzic\u00f3w \u2013 <a href=\"mailto:p124@eduwarszawa.pl\">p124@eduwarszawa.pl<\/a><\/p><p class=\"main-title \"><strong>Spos\u00f3b za\u0142atwiania spraw:<br \/><\/strong>Przedszkole przyjmuje i za\u0142atwia sprawy<\/p><ul><li>dotycz\u0105ce edukacji, kadr, finans\u00f3w zgodnie z obowi\u0105zuj\u0105cymi przepisami prawa<\/li><li>dokumentacj\u0119 kancelaryjn\u0105 \u2013 wed\u0142ug instrukcji kancelaryjnej w sekretariacie przedszkola<\/li><li>dokumentacj\u0119 kadrow\u0105 i finansow\u0105 \u2013 wed\u0142ug odr\u0119bnych przepis\u00f3w.<\/li><\/ul><p><strong>Tryb za\u0142atwiania spraw:<br \/><\/strong>Dyrektor przyjmuje interesant\u00f3w codziennie po wcze\u015bniejszym um\u00f3wieni si\u0119 telefonicznie w godzinach pracy przedszkola 7:00 do 17:00<br \/>Podania, Zapytania, Skargi, Wnioski mo\u017cna sk\u0142ada\u0107 osobi\u015bcie do dyrektora lub na adres mailowy:\u00a0p124@eduwarszawa.pl<br \/>Sprawy za\u0142atwiane s\u0105 wed\u0142ug kolejno\u015bci ich wp\u0142ywu oraz stopnia trudno\u015bci zgodnie z trybem Kodeksu Post\u0119powania Administracyjnego.<br \/>Bie\u017c\u0105ce informacje o dziecku udzielaj\u0105: nauczycielki poszczeg\u00f3lnych grup.<br \/>Konsultacje indywidualne dla rodzic\u00f3w prowadz\u0105: nauczycielki grup oraz specjali\u015bci.<\/p><p class=\"main-title \"><strong>Ochrona danych osobowych<\/strong><br \/>Administrator<br \/>Przedszkole 124 w Warszawie<br \/>ul. Dzielna 15 b<br \/>tel.: 22 838 36 34<br \/>e-mail: <a href=\"mailto:p124@eduwarszawa.pl\">p124@eduwarszawa.pl<\/a><\/p><div class=\"content-module content-module-text\"><div class=\"py-3\"><p><strong>Inspektor Ochrony Danych<br \/><\/strong>Pan Bart\u0142omiej W\u00f3jcik<br \/>e-mail: <a href=\"mailto:iod.dbfowola@eduwarszawa.pl\">iod.dbfowola@eduwarszawa.pl<\/a><\/p><p><strong>Redakcja BIP<br \/><\/strong>Renata Stawczyk-Mizi\u0144ska<br \/>tel.: 022 838 36 34<br \/>p124@eduwarszawa.pl<\/p><\/div><\/div>\t\t\t\t\t\t\t\t<\/div>\n\t\t\t\t\t<\/div>\n\t\t<\/div>\n\t\t\t\t\t<\/div>\n\t\t<\/section>\n\t\t\t\t<\/div>\n\t\t","protected":false},"excerpt":{"rendered":"<p>Klauzula informacyjna sygnalista Przedszkole nr 124 w WarszawieUl. Dzielna 15b\u00a001-029 Warszawatel.: 22 838 36 34e-mail: p124@eduwarszawa.plNIP: 5272136472REGON: 013001133Statut Przedszkola nr 124 Godziny otwarcia:poniedzia\u0142ek 07:00 &#8211; 17:00wtorek 07:00 &#8211; 17:00\u015broda 07:00 &#8211; 17:00czwartek 07:00 &#8211; 17:00pi\u0105tek 07:00 &#8211; 17:00 Dyrektor:Dyrektorem Przedszkola jest Renata Stawczyk-Mizi\u0144skaDyrektor przyjmuje interesant\u00f3w codziennie w godzinach pracy przedszkola po wcze\u015bniejszym um\u00f3wieniu si\u0119 telefonicznymtel:. [&hellip;]<\/p>\n","protected":false},"author":1,"featured_media":0,"parent":0,"menu_order":0,"comment_status":"closed","ping_status":"closed","template":"","meta":{"ocean_post_layout":"","ocean_both_sidebars_style":"","ocean_both_sidebars_content_width":0,"ocean_both_sidebars_sidebars_width":0,"ocean_sidebar":"","ocean_second_sidebar":"","ocean_disable_margins":"enable","ocean_add_body_class":"","ocean_shortcode_before_top_bar":"","ocean_shortcode_after_top_bar":"","ocean_shortcode_before_header":"","ocean_shortcode_after_header":"","ocean_has_shortcode":"","ocean_shortcode_after_title":"","ocean_shortcode_before_footer_widgets":"","ocean_shortcode_after_footer_widgets":"","ocean_shortcode_before_footer_bottom":"","ocean_shortcode_after_footer_bottom":"","ocean_display_top_bar":"default","ocean_display_header":"default","ocean_header_style":"","ocean_center_header_left_menu":"","ocean_custom_header_template":"","ocean_custom_logo":0,"ocean_custom_retina_logo":0,"ocean_custom_logo_max_width":0,"ocean_custom_logo_tablet_max_width":0,"ocean_custom_logo_mobile_max_width":0,"ocean_custom_logo_max_height":0,"ocean_custom_logo_tablet_max_height":0,"ocean_custom_logo_mobile_max_height":0,"ocean_header_custom_menu":"","ocean_menu_typo_font_family":"","ocean_menu_typo_font_subset":"","ocean_menu_typo_font_size":0,"ocean_menu_typo_font_size_tablet":0,"ocean_menu_typo_font_size_mobile":0,"ocean_menu_typo_font_size_unit":"px","ocean_menu_typo_font_weight":"","ocean_menu_typo_font_weight_tablet":"","ocean_menu_typo_font_weight_mobile":"","ocean_menu_typo_transform":"","ocean_menu_typo_transform_tablet":"","ocean_menu_typo_transform_mobile":"","ocean_menu_typo_line_height":0,"ocean_menu_typo_line_height_tablet":0,"ocean_menu_typo_line_height_mobile":0,"ocean_menu_typo_line_height_unit":"","ocean_menu_typo_spacing":0,"ocean_menu_typo_spacing_tablet":0,"ocean_menu_typo_spacing_mobile":0,"ocean_menu_typo_spacing_unit":"","ocean_menu_link_color":"","ocean_menu_link_color_hover":"","ocean_menu_link_color_active":"","ocean_menu_link_background":"","ocean_menu_link_hover_background":"","ocean_menu_link_active_background":"","ocean_menu_social_links_bg":"","ocean_menu_social_hover_links_bg":"","ocean_menu_social_links_color":"","ocean_menu_social_hover_links_color":"","ocean_disable_title":"default","ocean_disable_heading":"default","ocean_post_title":"","ocean_post_subheading":"","ocean_post_title_style":"","ocean_post_title_background_color":"","ocean_post_title_background":0,"ocean_post_title_bg_image_position":"","ocean_post_title_bg_image_attachment":"","ocean_post_title_bg_image_repeat":"","ocean_post_title_bg_image_size":"","ocean_post_title_height":0,"ocean_post_title_bg_overlay":0.5,"ocean_post_title_bg_overlay_color":"","ocean_disable_breadcrumbs":"default","ocean_breadcrumbs_color":"","ocean_breadcrumbs_separator_color":"","ocean_breadcrumbs_links_color":"","ocean_breadcrumbs_links_hover_color":"","ocean_display_footer_widgets":"default","ocean_display_footer_bottom":"default","ocean_custom_footer_template":"","footnotes":""},"class_list":["post-506","page","type-page","status-publish","hentry","entry"],"_links":{"self":[{"href":"https:\/\/przedszkole124.eu\/index.php\/wp-json\/wp\/v2\/pages\/506","targetHints":{"allow":["GET"]}}],"collection":[{"href":"https:\/\/przedszkole124.eu\/index.php\/wp-json\/wp\/v2\/pages"}],"about":[{"href":"https:\/\/przedszkole124.eu\/index.php\/wp-json\/wp\/v2\/types\/page"}],"author":[{"embeddable":true,"href":"https:\/\/przedszkole124.eu\/index.php\/wp-json\/wp\/v2\/users\/1"}],"replies":[{"embeddable":true,"href":"https:\/\/przedszkole124.eu\/index.php\/wp-json\/wp\/v2\/comments?post=506"}],"version-history":[{"count":26,"href":"https:\/\/przedszkole124.eu\/index.php\/wp-json\/wp\/v2\/pages\/506\/revisions"}],"predecessor-version":[{"id":792,"href":"https:\/\/przedszkole124.eu\/index.php\/wp-json\/wp\/v2\/pages\/506\/revisions\/792"}],"wp:attachment":[{"href":"https:\/\/przedszkole124.eu\/index.php\/wp-json\/wp\/v2\/media?parent=506"}],"curies":[{"name":"wp","href":"https:\/\/api.w.org\/{rel}","templated":true}]}}