{"id":590,"date":"2026-01-13T08:38:54","date_gmt":"2026-01-13T08:38:54","guid":{"rendered":"http:\/\/przedszkole124.eu\/?page_id=590"},"modified":"2026-01-13T09:57:13","modified_gmt":"2026-01-13T09:57:13","slug":"rekrutacja-2026-2027","status":"publish","type":"page","link":"https:\/\/przedszkole124.eu\/index.php\/rekrutacja-2026-2027\/","title":{"rendered":"Rekrutacja 2026\/2027"},"content":{"rendered":"\t\t<div data-elementor-type=\"wp-page\" data-elementor-id=\"590\" class=\"elementor elementor-590\">\n\t\t\t\t\t\t<section class=\"elementor-section elementor-top-section elementor-element elementor-element-c0ecb49 elementor-section-boxed elementor-section-height-default elementor-section-height-default\" data-id=\"c0ecb49\" data-element_type=\"section\" data-e-type=\"section\">\n\t\t\t\t\t\t<div class=\"elementor-container elementor-column-gap-default\">\n\t\t\t\t\t<div class=\"elementor-column elementor-col-100 elementor-top-column elementor-element elementor-element-64dda7e\" data-id=\"64dda7e\" data-element_type=\"column\" data-e-type=\"column\">\n\t\t\t<div class=\"elementor-widget-wrap elementor-element-populated\">\n\t\t\t\t\t\t<div class=\"elementor-element elementor-element-c799d73 elementor-widget__width-initial elementor-widget elementor-widget-icon-box\" data-id=\"c799d73\" data-element_type=\"widget\" data-e-type=\"widget\" data-widget_type=\"icon-box.default\">\n\t\t\t\t\t\t\t<div class=\"elementor-icon-box-wrapper\">\n\n\t\t\t\n\t\t\t\t\t\t<div class=\"elementor-icon-box-content\">\n\n\t\t\t\t\t\t\t\t\t<h3 class=\"elementor-icon-box-title\">\n\t\t\t\t\t\t<a href=\"http:\/\/przedszkole124.eu\/wp-content\/uploads\/2026\/01\/I.1.-Obowiazek-inforacyjny-rekrutacja.pdf\" target=\"_blank\" >\n\t\t\t\t\t\t\tObowi\u0105zek informacyjny w zwi\u0105zku z przetwarzaniem danych osobowych \u2013 rekrutacja dziecka\/podopiecznego\t\t\t\t\t\t<\/a>\n\t\t\t\t\t<\/h3>\n\t\t\t\t\n\t\t\t\t\n\t\t\t<\/div>\n\t\t\t\n\t\t<\/div>\n\t\t\t\t\t\t<\/div>\n\t\t\t\t\t<\/div>\n\t\t<\/div>\n\t\t\t\t\t<\/div>\n\t\t<\/section>\n\t\t\t\t<section class=\"elementor-section elementor-top-section elementor-element elementor-element-cfa323b elementor-section-boxed elementor-section-height-default elementor-section-height-default\" data-id=\"cfa323b\" data-element_type=\"section\" data-e-type=\"section\">\n\t\t\t\t\t\t<div class=\"elementor-container elementor-column-gap-default\">\n\t\t\t\t\t<div class=\"elementor-column elementor-col-100 elementor-top-column elementor-element elementor-element-0e6c5be\" data-id=\"0e6c5be\" data-element_type=\"column\" data-e-type=\"column\">\n\t\t\t<div class=\"elementor-widget-wrap elementor-element-populated\">\n\t\t\t\t\t\t<div class=\"elementor-element elementor-element-8acce71 elementor-widget elementor-widget-text-editor\" data-id=\"8acce71\" data-element_type=\"widget\" data-e-type=\"widget\" data-widget_type=\"text-editor.default\">\n\t\t\t\t\t\t\t\t\t<p>Rekrutacja do przedszkoli, oddzia\u0142\u00f3w przedszkolnych rozpocznie si\u0119\u00a0<strong>10 lutego br. o godz. 13:00<\/strong><br \/>i prowadzona b\u0119dzie za pomoc\u0105 elektronicznego systemu rekrutacji dost\u0119pnego pod adresem:<br \/><span style=\"text-decoration: underline;\"><a href=\"https:\/\/rekrutacje-warszawa.pzo.edu.pl\/formico-public\/\" target=\"_blank\" rel=\"noopener\">rekrutacja-warszawa.pzo.edu.pl<\/a><\/span><\/p><p><strong>Rodzice\/prawni opiekunowie, aby wzi\u0105\u0107 udzia\u0142 w post\u0119powaniu rekrutacyjnym, korzystaj\u0105<br \/>z zak\u0142adki \u201ezarejestruj si\u0119\u201d gdzie loguj\u0105 si\u0119 wprowadzaj\u0105c:<br \/><\/strong>-numer PESEL kandydata, imi\u0119 i nazwisko dziecka,<br \/>lub<br \/>-numer indentyfikacyjny do systemu informatycznego wydany przez dyrektora plac\u00f3wki pierwszego wyboru (dotyczy dzieci, kt\u00f3re nie posiadaj\u0105 numeru PESEL)<\/p><p><strong>Rejestracja wniosku i przes\u0142anie go<\/strong>\u00a0w systemie potrwa<strong>\u00a0do 24 lutego do godz. 20.00<\/strong>. Po tym terminie nie b\u0119dzie mo\u017cliwe wprowadzenie nowych wniosk\u00f3w.<\/p><p><strong>Z\u0142o\u017cenie papierowej wersji wniosku\u00a0<\/strong>o przyj\u0119cie do przedszkola\/oddzia\u0142u przedszkolnego (wraz z dokumentami potwierdzaj\u0105cymi spe\u0142nianie kryteri\u00f3w) b\u0119dzie mo\u017cliwe\u00a0<strong>do 25 lutego do godz. 16.00.<\/strong><\/p><p><strong>Przed wype\u0142nieniem wniosku prosimy o zapoznanie si\u0119 z zasadami, kryteriami oraz harmonogramem rekrutacji.<br \/><\/strong><span style=\"text-decoration: underline;\"><a href=\"http:\/\/przedszkole124.eu\/wp-content\/uploads\/2026\/01\/Harmonogram-rekrutacji-do-przedszkoli-i-oddzialow-przedszkolnych-2026_2027.pdf\" target=\"_blank\" rel=\"noopener\">Harmonogram rekrutacji do przedszkoli i oddzia\u0142\u00f3w przedszkolnych 2026\/2027<\/a><\/span><br \/><a href=\"http:\/\/przedszkole124.eu\/wp-content\/uploads\/2026\/01\/Kryteria-rekrutacji-do-przedszkoli-i-oddzialow-przedszkolnych-w-szkolach-podstawowych-2026_2027.pdf\" target=\"_blank\" rel=\"noopener\"><span style=\"text-decoration: underline;\">Kryteria rekrutacji do przedszkoli i oddzia\u0142\u00f3w przedszkolnych 2026\/2027<\/span><\/a><\/p>\t\t\t\t\t\t\t\t<\/div>\n\t\t\t\t\t<\/div>\n\t\t<\/div>\n\t\t\t\t\t<\/div>\n\t\t<\/section>\n\t\t\t\t<section class=\"elementor-section elementor-top-section elementor-element elementor-element-d9807b9 elementor-section-boxed elementor-section-height-default elementor-section-height-default\" data-id=\"d9807b9\" data-element_type=\"section\" data-e-type=\"section\">\n\t\t\t\t\t\t<div class=\"elementor-container elementor-column-gap-default\">\n\t\t\t\t\t<div class=\"elementor-column elementor-col-100 elementor-top-column elementor-element elementor-element-a2f7564\" data-id=\"a2f7564\" data-element_type=\"column\" data-e-type=\"column\">\n\t\t\t<div class=\"elementor-widget-wrap elementor-element-populated\">\n\t\t\t\t\t\t<div class=\"elementor-element elementor-element-a899fd9 elementor-widget-divider--separator-type-pattern elementor-widget-divider--view-line elementor-widget elementor-widget-divider\" data-id=\"a899fd9\" data-element_type=\"widget\" data-e-type=\"widget\" data-widget_type=\"divider.default\">\n\t\t\t\t\t\t\t<div class=\"elementor-divider\" style=\"--divider-pattern-url: url(&quot;data:image\/svg+xml,%3Csvg xmlns=&#039;http:\/\/www.w3.org\/2000\/svg&#039; preserveAspectRatio=&#039;none&#039; overflow=&#039;visible&#039; height=&#039;100%&#039; viewBox=&#039;0 0 24 24&#039; fill=&#039;none&#039; stroke=&#039;black&#039; stroke-width=&#039;1&#039; stroke-linecap=&#039;square&#039; stroke-miterlimit=&#039;10&#039;%3E%3Cpath d=&#039;M0,6c6,0,0.9,11.1,6.9,11.1S18,6,24,6&#039;\/%3E%3C\/svg%3E&quot;);\">\n\t\t\t<span class=\"elementor-divider-separator\">\n\t\t\t\t\t\t<\/span>\n\t\t<\/div>\n\t\t\t\t\t\t<\/div>\n\t\t\t\t\t<\/div>\n\t\t<\/div>\n\t\t\t\t\t<\/div>\n\t\t<\/section>\n\t\t\t\t<section class=\"elementor-section elementor-top-section elementor-element elementor-element-efe9a70 elementor-section-boxed elementor-section-height-default elementor-section-height-default\" data-id=\"efe9a70\" data-element_type=\"section\" data-e-type=\"section\">\n\t\t\t\t\t\t<div class=\"elementor-container elementor-column-gap-default\">\n\t\t\t\t\t<div class=\"elementor-column elementor-col-100 elementor-top-column elementor-element elementor-element-b2637fe\" data-id=\"b2637fe\" data-element_type=\"column\" data-e-type=\"column\">\n\t\t\t<div class=\"elementor-widget-wrap elementor-element-populated\">\n\t\t\t\t\t\t<div class=\"elementor-element elementor-element-bea967e elementor-widget elementor-widget-text-editor\" data-id=\"bea967e\" data-element_type=\"widget\" data-e-type=\"widget\" data-widget_type=\"text-editor.default\">\n\t\t\t\t\t\t\t\t\t<h2 class=\"article-title section-title bottom-line-short h3\">Rekrutacja do klas I w szko\u0142ach podstawowych na rok szkolny 2026\/2027<\/h2><p>Rekrutacja do klas I w szko\u0142ach podstawowych rozpocznie si\u0119\u00a0<strong>10 lutego br., o godz. 13:00<br \/><\/strong>i prowadzona b\u0119dzie za pomoc\u0105 elektronicznego systemu rekrutacji dost\u0119pnego pod adresem:\u00a0<span style=\"text-decoration: underline;\"><a href=\"https:\/\/rekrutacje-warszawa.pzo.edu.pl\/elemento-public\/?historyItem.level=0&amp;historyItem.title=Strona+g%C5%82%C3%B3wna\" target=\"_blank\" rel=\"noopener\">Kompleksowy system rekrutacji<\/a><\/span><\/p><p><strong>Rodzice\/prawni opiekunowie, aby wzi\u0105\u0107 udzia\u0142 w post\u0119powaniu rekrutacyjnym, korzystaj\u0105 z zak\u0142adki \u201ezarejestruj si\u0119\u201d, gdzie loguj\u0105 si\u0119 wprowadzaj\u0105c:<\/strong><\/p><ul><li>numer PESEL kandydata, imi\u0119 i nazwisko dziecka,<\/li><\/ul><p>lub<\/p><ul><li>numer indentyfikacyjny do systemu rekrutacyjnego wydany przez dyrektora szko\u0142y pierwszego wyboru (dotyczy dzieci, kt\u00f3re nie posiadaj\u0105 numeru PESEL)<\/li><\/ul><p><strong>Rejestracja zg\u0142oszenia\/wniosku i przes\u0142anie go<\/strong>\u00a0w systemie potrwa\u00a0<strong>do 24 lutego br., do godz. 20:00.<\/strong><\/p><p>Po tym terminie nie b\u0119dzie mo\u017cliwe wprowadzenie nowych zg\u0142osze\u0144\/wniosk\u00f3w.<\/p><p><strong>Z\u0142o\u017cenie papierowej wersji zg\u0142oszenia\/wniosku\u00a0<\/strong>o przyj\u0119cie do klasy I szko\u0142y podstawowej (wraz z dokumentami potwierdzaj\u0105cymi spe\u0142nianie kryteri\u00f3w) b\u0119dzie mo\u017cliwe\u00a0<strong>do 25 lutego br., do godz. 16:00.<\/strong><\/p><p><strong>Przed wype\u0142nieniem zg\u0142oszenia\/wniosku prosimy o zapoznanie si\u0119 z zasadami, kryteriami oraz harmonogramem rekrutacji.<\/strong><\/p><p><span style=\"text-decoration: underline;\"><a href=\"http:\/\/przedszkole124.eu\/wp-content\/uploads\/2026\/01\/Harmonogram-rekrutacji-do-klas-I_2026_2027.pdf\" target=\"_blank\" rel=\"noopener\">harmonogram rekrutacji<\/a><br \/><a href=\"http:\/\/przedszkole124.eu\/wp-content\/uploads\/2026\/01\/Kryteria-rekrutacji-do-klas-1-szkol-podstawowych.pdf\" target=\"_blank\" rel=\"noopener\">kryteria rekrutacji<br \/><\/a><\/span><span style=\"text-decoration: underline;\"><a href=\"http:\/\/przedszkole124.eu\/wp-content\/uploads\/2026\/01\/Zasady-przyjec-do-1-klasy.pdf\" target=\"_blank\" rel=\"noopener\">zasady przyj\u0119\u0107<\/a><\/span><span style=\"text-decoration: underline;\"><br \/><\/span><\/p>\t\t\t\t\t\t\t\t<\/div>\n\t\t\t\t\t<\/div>\n\t\t<\/div>\n\t\t\t\t\t<\/div>\n\t\t<\/section>\n\t\t\t\t<\/div>\n\t\t","protected":false},"excerpt":{"rendered":"<p>Obowi\u0105zek informacyjny w zwi\u0105zku z przetwarzaniem danych osobowych \u2013 rekrutacja dziecka\/podopiecznego Rekrutacja do przedszkoli, oddzia\u0142\u00f3w przedszkolnych rozpocznie si\u0119\u00a010 lutego br. o godz. 13:00i prowadzona b\u0119dzie za pomoc\u0105 elektronicznego systemu rekrutacji dost\u0119pnego pod adresem:rekrutacja-warszawa.pzo.edu.pl Rodzice\/prawni opiekunowie, aby wzi\u0105\u0107 udzia\u0142 w post\u0119powaniu rekrutacyjnym, korzystaj\u0105z zak\u0142adki \u201ezarejestruj si\u0119\u201d gdzie loguj\u0105 si\u0119 wprowadzaj\u0105c:-numer PESEL kandydata, imi\u0119 i nazwisko dziecka,lub-numer [&hellip;]<\/p>\n","protected":false},"author":1,"featured_media":0,"parent":0,"menu_order":0,"comment_status":"closed","ping_status":"closed","template":"","meta":{"ocean_post_layout":"","ocean_both_sidebars_style":"","ocean_both_sidebars_content_width":0,"ocean_both_sidebars_sidebars_width":0,"ocean_sidebar":"","ocean_second_sidebar":"","ocean_disable_margins":"enable","ocean_add_body_class":"","ocean_shortcode_before_top_bar":"","ocean_shortcode_after_top_bar":"","ocean_shortcode_before_header":"","ocean_shortcode_after_header":"","ocean_has_shortcode":"","ocean_shortcode_after_title":"","ocean_shortcode_before_footer_widgets":"","ocean_shortcode_after_footer_widgets":"","ocean_shortcode_before_footer_bottom":"","ocean_shortcode_after_footer_bottom":"","ocean_display_top_bar":"default","ocean_display_header":"default","ocean_header_style":"","ocean_center_header_left_menu":"","ocean_custom_header_template":"","ocean_custom_logo":0,"ocean_custom_retina_logo":0,"ocean_custom_logo_max_width":0,"ocean_custom_logo_tablet_max_width":0,"ocean_custom_logo_mobile_max_width":0,"ocean_custom_logo_max_height":0,"ocean_custom_logo_tablet_max_height":0,"ocean_custom_logo_mobile_max_height":0,"ocean_header_custom_menu":"","ocean_menu_typo_font_family":"","ocean_menu_typo_font_subset":"","ocean_menu_typo_font_size":0,"ocean_menu_typo_font_size_tablet":0,"ocean_menu_typo_font_size_mobile":0,"ocean_menu_typo_font_size_unit":"px","ocean_menu_typo_font_weight":"","ocean_menu_typo_font_weight_tablet":"","ocean_menu_typo_font_weight_mobile":"","ocean_menu_typo_transform":"","ocean_menu_typo_transform_tablet":"","ocean_menu_typo_transform_mobile":"","ocean_menu_typo_line_height":0,"ocean_menu_typo_line_height_tablet":0,"ocean_menu_typo_line_height_mobile":0,"ocean_menu_typo_line_height_unit":"","ocean_menu_typo_spacing":0,"ocean_menu_typo_spacing_tablet":0,"ocean_menu_typo_spacing_mobile":0,"ocean_menu_typo_spacing_unit":"","ocean_menu_link_color":"","ocean_menu_link_color_hover":"","ocean_menu_link_color_active":"","ocean_menu_link_background":"","ocean_menu_link_hover_background":"","ocean_menu_link_active_background":"","ocean_menu_social_links_bg":"","ocean_menu_social_hover_links_bg":"","ocean_menu_social_links_color":"","ocean_menu_social_hover_links_color":"","ocean_disable_title":"default","ocean_disable_heading":"default","ocean_post_title":"","ocean_post_subheading":"","ocean_post_title_style":"","ocean_post_title_background_color":"","ocean_post_title_background":0,"ocean_post_title_bg_image_position":"","ocean_post_title_bg_image_attachment":"","ocean_post_title_bg_image_repeat":"","ocean_post_title_bg_image_size":"","ocean_post_title_height":0,"ocean_post_title_bg_overlay":0.5,"ocean_post_title_bg_overlay_color":"","ocean_disable_breadcrumbs":"default","ocean_breadcrumbs_color":"","ocean_breadcrumbs_separator_color":"","ocean_breadcrumbs_links_color":"","ocean_breadcrumbs_links_hover_color":"","ocean_display_footer_widgets":"default","ocean_display_footer_bottom":"default","ocean_custom_footer_template":"","footnotes":""},"class_list":["post-590","page","type-page","status-publish","hentry","entry"],"_links":{"self":[{"href":"https:\/\/przedszkole124.eu\/index.php\/wp-json\/wp\/v2\/pages\/590","targetHints":{"allow":["GET"]}}],"collection":[{"href":"https:\/\/przedszkole124.eu\/index.php\/wp-json\/wp\/v2\/pages"}],"about":[{"href":"https:\/\/przedszkole124.eu\/index.php\/wp-json\/wp\/v2\/types\/page"}],"author":[{"embeddable":true,"href":"https:\/\/przedszkole124.eu\/index.php\/wp-json\/wp\/v2\/users\/1"}],"replies":[{"embeddable":true,"href":"https:\/\/przedszkole124.eu\/index.php\/wp-json\/wp\/v2\/comments?post=590"}],"version-history":[{"count":17,"href":"https:\/\/przedszkole124.eu\/index.php\/wp-json\/wp\/v2\/pages\/590\/revisions"}],"predecessor-version":[{"id":635,"href":"https:\/\/przedszkole124.eu\/index.php\/wp-json\/wp\/v2\/pages\/590\/revisions\/635"}],"wp:attachment":[{"href":"https:\/\/przedszkole124.eu\/index.php\/wp-json\/wp\/v2\/media?parent=590"}],"curies":[{"name":"wp","href":"https:\/\/api.w.org\/{rel}","templated":true}]}}