{"id":60,"date":"2025-11-21T13:35:56","date_gmt":"2025-11-21T13:35:56","guid":{"rendered":"http:\/\/przedszkole124.eu\/?page_id=60"},"modified":"2026-02-07T09:26:17","modified_gmt":"2026-02-07T09:26:17","slug":"o-nas","status":"publish","type":"page","link":"https:\/\/przedszkole124.eu\/index.php\/o-nas\/","title":{"rendered":"O nas"},"content":{"rendered":"\t\t<div data-elementor-type=\"wp-page\" data-elementor-id=\"60\" class=\"elementor elementor-60\">\n\t\t\t\t\t\t<section class=\"elementor-section elementor-top-section elementor-element elementor-element-b015b77 elementor-section-full_width elementor-section-content-top elementor-section-height-default elementor-section-height-default\" data-id=\"b015b77\" data-element_type=\"section\" data-e-type=\"section\" data-settings=\"{&quot;shape_divider_top&quot;:&quot;opacity-fan&quot;}\">\n\t\t\t\t\t<div class=\"elementor-shape elementor-shape-top\" aria-hidden=\"true\" data-negative=\"false\">\n\t\t\t<svg xmlns=\"http:\/\/www.w3.org\/2000\/svg\" viewBox=\"0 0 283.5 19.6\" preserveAspectRatio=\"none\">\n\t<path class=\"elementor-shape-fill\" style=\"opacity:0.33\" d=\"M0 0L0 18.8 141.8 4.1 283.5 18.8 283.5 0z\"\/>\n\t<path class=\"elementor-shape-fill\" style=\"opacity:0.33\" d=\"M0 0L0 12.6 141.8 4 283.5 12.6 283.5 0z\"\/>\n\t<path class=\"elementor-shape-fill\" style=\"opacity:0.33\" d=\"M0 0L0 6.4 141.8 4 283.5 6.4 283.5 0z\"\/>\n\t<path class=\"elementor-shape-fill\" d=\"M0 0L0 1.2 141.8 4 283.5 1.2 283.5 0z\"\/>\n<\/svg>\t\t<\/div>\n\t\t\t\t\t<div class=\"elementor-container elementor-column-gap-custom\">\n\t\t\t\t\t<div class=\"elementor-column elementor-col-20 elementor-top-column elementor-element elementor-element-265073d\" data-id=\"265073d\" data-element_type=\"column\" data-e-type=\"column\">\n\t\t\t<div class=\"elementor-widget-wrap elementor-element-populated\">\n\t\t\t\t\t\t<div class=\"elementor-element elementor-element-0ddb975 elementor-widget elementor-widget-icon-box\" data-id=\"0ddb975\" data-element_type=\"widget\" data-e-type=\"widget\" id=\"Misja i wizja\" data-widget_type=\"icon-box.default\">\n\t\t\t\t\t\t\t<div class=\"elementor-icon-box-wrapper\">\n\n\t\t\t\n\t\t\t\t\t\t<div class=\"elementor-icon-box-content\">\n\n\t\t\t\t\t\t\t\t\t<h3 class=\"elementor-icon-box-title\">\n\t\t\t\t\t\t<a href=\"http:\/\/przedszkole124.eu\/index.php\/misja-i-wizja\/\" >\n\t\t\t\t\t\t\tMisja i wizja\t\t\t\t\t\t<\/a>\n\t\t\t\t\t<\/h3>\n\t\t\t\t\n\t\t\t\t\n\t\t\t<\/div>\n\t\t\t\n\t\t<\/div>\n\t\t\t\t\t\t<\/div>\n\t\t\t\t\t<\/div>\n\t\t<\/div>\n\t\t\t\t<div class=\"elementor-column elementor-col-20 elementor-top-column elementor-element elementor-element-f45d43a\" data-id=\"f45d43a\" data-element_type=\"column\" data-e-type=\"column\">\n\t\t\t<div class=\"elementor-widget-wrap elementor-element-populated\">\n\t\t\t\t\t\t<div class=\"elementor-element elementor-element-06cbae5 elementor-widget elementor-widget-icon-box\" data-id=\"06cbae5\" data-element_type=\"widget\" data-e-type=\"widget\" id=\"Oferta przedszkola\" data-widget_type=\"icon-box.default\">\n\t\t\t\t\t\t\t<div class=\"elementor-icon-box-wrapper\">\n\n\t\t\t\n\t\t\t\t\t\t<div class=\"elementor-icon-box-content\">\n\n\t\t\t\t\t\t\t\t\t<h3 class=\"elementor-icon-box-title\">\n\t\t\t\t\t\t<a href=\"http:\/\/przedszkole124.eu\/index.php\/oferta-przedszkola\/\" >\n\t\t\t\t\t\t\tOferta przedszkola\t\t\t\t\t\t<\/a>\n\t\t\t\t\t<\/h3>\n\t\t\t\t\n\t\t\t\t\n\t\t\t<\/div>\n\t\t\t\n\t\t<\/div>\n\t\t\t\t\t\t<\/div>\n\t\t\t\t\t<\/div>\n\t\t<\/div>\n\t\t\t\t<div class=\"elementor-column elementor-col-20 elementor-top-column elementor-element elementor-element-e068f86\" data-id=\"e068f86\" data-element_type=\"column\" data-e-type=\"column\">\n\t\t\t<div class=\"elementor-widget-wrap elementor-element-populated\">\n\t\t\t\t\t\t<div class=\"elementor-element elementor-element-0c8adce elementor-widget elementor-widget-icon-box\" data-id=\"0c8adce\" data-element_type=\"widget\" data-e-type=\"widget\" id=\"Ramowy rozk\u0142ad dnia\" data-widget_type=\"icon-box.default\">\n\t\t\t\t\t\t\t<div class=\"elementor-icon-box-wrapper\">\n\n\t\t\t\n\t\t\t\t\t\t<div class=\"elementor-icon-box-content\">\n\n\t\t\t\t\t\t\t\t\t<h3 class=\"elementor-icon-box-title\">\n\t\t\t\t\t\t<a href=\"http:\/\/przedszkole124.eu\/index.php\/ramowy-rozklad-dnia\/\" >\n\t\t\t\t\t\t\tRamowy rozk\u0142ad dnia\t\t\t\t\t\t<\/a>\n\t\t\t\t\t<\/h3>\n\t\t\t\t\n\t\t\t\t\n\t\t\t<\/div>\n\t\t\t\n\t\t<\/div>\n\t\t\t\t\t\t<\/div>\n\t\t\t\t\t<\/div>\n\t\t<\/div>\n\t\t\t\t<div class=\"elementor-column elementor-col-20 elementor-top-column elementor-element elementor-element-4903494\" data-id=\"4903494\" data-element_type=\"column\" data-e-type=\"column\">\n\t\t\t<div class=\"elementor-widget-wrap elementor-element-populated\">\n\t\t\t\t\t\t<div class=\"elementor-element elementor-element-fcb2127 elementor-widget elementor-widget-icon-box\" data-id=\"fcb2127\" data-element_type=\"widget\" data-e-type=\"widget\" id=\"Statut przedszkola\" data-widget_type=\"icon-box.default\">\n\t\t\t\t\t\t\t<div class=\"elementor-icon-box-wrapper\">\n\n\t\t\t\n\t\t\t\t\t\t<div class=\"elementor-icon-box-content\">\n\n\t\t\t\t\t\t\t\t\t<h3 class=\"elementor-icon-box-title\">\n\t\t\t\t\t\t<a href=\"http:\/\/przedszkole124.eu\/wp-content\/uploads\/2025\/11\/P124_-_STATUT_2022-1.pdf\" target=\"_blank\" >\n\t\t\t\t\t\t\tStatut przedszkola\t\t\t\t\t\t<\/a>\n\t\t\t\t\t<\/h3>\n\t\t\t\t\n\t\t\t\t\n\t\t\t<\/div>\n\t\t\t\n\t\t<\/div>\n\t\t\t\t\t\t<\/div>\n\t\t\t\t\t<\/div>\n\t\t<\/div>\n\t\t\t\t<div class=\"elementor-column elementor-col-20 elementor-top-column elementor-element elementor-element-08dc2a2\" data-id=\"08dc2a2\" data-element_type=\"column\" data-e-type=\"column\">\n\t\t\t<div class=\"elementor-widget-wrap elementor-element-populated\">\n\t\t\t\t\t\t<div class=\"elementor-element elementor-element-29928dd elementor-widget elementor-widget-icon-box\" data-id=\"29928dd\" data-element_type=\"widget\" data-e-type=\"widget\" id=\"Standardy Ochrony Ma\u0142oletnich\" data-widget_type=\"icon-box.default\">\n\t\t\t\t\t\t\t<div class=\"elementor-icon-box-wrapper\">\n\n\t\t\t\n\t\t\t\t\t\t<div class=\"elementor-icon-box-content\">\n\n\t\t\t\t\t\t\t\t\t<h3 class=\"elementor-icon-box-title\">\n\t\t\t\t\t\t<a href=\"http:\/\/przedszkole124.eu\/wp-content\/uploads\/2025\/11\/PROCEDURA__REGU__Y0_OCHRONY_MA__OLETNICH______2_.pdf\" target=\"_blank\" >\n\t\t\t\t\t\t\tStandardy Ochrony Ma\u0142oletnich\t\t\t\t\t\t<\/a>\n\t\t\t\t\t<\/h3>\n\t\t\t\t\n\t\t\t\t\n\t\t\t<\/div>\n\t\t\t\n\t\t<\/div>\n\t\t\t\t\t\t<\/div>\n\t\t\t\t\t<\/div>\n\t\t<\/div>\n\t\t\t\t\t<\/div>\n\t\t<\/section>\n\t\t\t\t<section class=\"elementor-section elementor-top-section elementor-element elementor-element-07807ad elementor-section-boxed elementor-section-height-default elementor-section-height-default\" data-id=\"07807ad\" data-element_type=\"section\" data-e-type=\"section\">\n\t\t\t\t\t\t<div class=\"elementor-container elementor-column-gap-default\">\n\t\t\t\t\t<div class=\"elementor-column elementor-col-100 elementor-top-column elementor-element elementor-element-379922a\" data-id=\"379922a\" data-element_type=\"column\" data-e-type=\"column\">\n\t\t\t<div class=\"elementor-widget-wrap elementor-element-populated\">\n\t\t\t\t\t\t<div class=\"elementor-element elementor-element-bd3dcb7 elementor-widget__width-initial elementor-fixed elementor-widget elementor-widget-icon-box\" data-id=\"bd3dcb7\" data-element_type=\"widget\" data-e-type=\"widget\" data-settings=\"{&quot;_position&quot;:&quot;fixed&quot;}\" data-widget_type=\"icon-box.default\">\n\t\t\t\t\t\t\t<div class=\"elementor-icon-box-wrapper\">\n\n\t\t\t\n\t\t\t\t\t\t<div class=\"elementor-icon-box-content\">\n\n\t\t\t\t\t\t\t\t\t<h3 class=\"elementor-icon-box-title\">\n\t\t\t\t\t\t<a href=\"http:\/\/przedszkole124.eu\/index.php\/deklaracja-dostepnosci\/\" >\n\t\t\t\t\t\t\tDeklaracja dost\u0119pno\u015bci\t\t\t\t\t\t<\/a>\n\t\t\t\t\t<\/h3>\n\t\t\t\t\n\t\t\t\t\n\t\t\t<\/div>\n\t\t\t\n\t\t<\/div>\n\t\t\t\t\t\t<\/div>\n\t\t\t\t<div class=\"elementor-element elementor-element-eb41f01 elementor-widget elementor-widget-text-editor\" data-id=\"eb41f01\" data-element_type=\"widget\" data-e-type=\"widget\" data-widget_type=\"text-editor.default\">\n\t\t\t\t\t\t\t\t\t<p>\u00a0<\/p><p>Dziecko jest naszym wsp\u00f3lnym dobrem rodzic\u00f3w i przedszkola.Wszystkie dzieci s\u0105 nasze, bez wzgl\u0119du na kolor sk\u00f3ry czy wyznanie. Wsp\u00f3\u0142praca z rodzicami oparta jest na\u00a0kontakcie indywidualnym, udziale w uroczysto\u015bciach, zaj\u0119ciach otwartych, pracach na rzecz dzieci i przedszkola. Wsp\u00f3\u0142praca z rodzin\u0105 dziecka rozszerzona jest o\u00a0wsp\u00f3\u0142prac\u0119 ze \u015brodowiskiem lokalnym.\u00a0W naszej plac\u00f3wce\u00a0dzieci maj\u0105 mo\u017cliwo\u015b\u0107 eksperymentowa\u0107, rozwija\u0107 swoje mo\u017cliwo\u015bci, poznawa\u0107 siebie, jak r\u00f3wnie\u017c uczy\u0107 si\u0119 kocha\u0107, szanowa\u0107 i dba\u0107 o przyrod\u0119.<\/p><h3>Nasz\u0105 misj\u0105 jest:<\/h3><ul><li>Stworzenie przedszkola przyjaznego dzieciom i ich rodzicom.<\/li><li>Dbamy\u00a0o\u00a0wszechstronny,\u00a0zr\u00f3wnowa\u017cony rozw\u00f3j\u00a0ka\u017cdego dziecka.\u00a0<\/li><li><span class=\"page_speed_1003151798\">Traktujemy naszych wychowank\u00f3w indywidualnie\u00a0i podmiotowo.\u00a0<\/span><\/li><li><span class=\"page_speed_1003151798\">Sprawiamy, \u017ce dzieci s\u0105 kochane, akceptowane\u00a0i szcz\u0119\u015bliwe.\u00a0<\/span><\/li><li><span class=\"page_speed_1003151798\">Rozwijamy gotowo\u015b\u0107 do odkrywania \u015bwiata.<\/span><\/li><li><span class=\"page_speed_1003151798\">Kszta\u0142tujemy spo\u0142eczn\u0105\u00a0i emocjonaln\u0105\u00a0dojrza\u0142o\u015b\u0107\u00a0u naszych\u00a0podopiecznych.<\/span><\/li><li><span class=\"page_speed_1003151798\">Wpajamy poczucie w\u0142asnej warto\u015bci.<\/span><\/li><li><span class=\"page_speed_1003151798\">Kszta\u0142tujemy\u00a0u dzieci\u00a0postaw\u0119 szacunku dla \u015brodowiska\u00a0i dba\u0142o\u015bci\u00a0o nie.\u00a0<\/span><\/li><li><span class=\"page_speed_1003151798\">Wyrabiamy wra\u017cliwo\u015b\u0107\u00a0i poczucie\u00a0odpowiedzialno\u015bci za otaczaj\u0105c\u0105 nas przyrod\u0119.<\/span><\/li><li><span class=\"page_speed_1003151798\">W naszym\u00a0przedszkolu dzieci rozwijaj\u0105 aktywno\u015b\u0107 tw\u00f3rcz\u0105, zdobywaj\u0105 wiedz\u0119\u00a0i umiej\u0119tno\u015bci\u00a0dzi\u0119ki aktywnym metodom pracy, poznaj\u0105 swoje prawa oraz obcuj\u0105 ze sztuk\u0105.<\/span><\/li><\/ul>\t\t\t\t\t\t\t\t<\/div>\n\t\t\t\t\t<\/div>\n\t\t<\/div>\n\t\t\t\t\t<\/div>\n\t\t<\/section>\n\t\t\t\t<\/div>\n\t\t","protected":false},"excerpt":{"rendered":"<p>Misja i wizja Oferta przedszkola Ramowy rozk\u0142ad dnia Statut przedszkola Standardy Ochrony Ma\u0142oletnich Deklaracja dost\u0119pno\u015bci \u00a0 Dziecko jest naszym wsp\u00f3lnym dobrem rodzic\u00f3w i przedszkola.Wszystkie dzieci s\u0105 nasze, bez wzgl\u0119du na kolor sk\u00f3ry czy wyznanie. Wsp\u00f3\u0142praca z rodzicami oparta jest na\u00a0kontakcie indywidualnym, udziale w uroczysto\u015bciach, zaj\u0119ciach otwartych, pracach na rzecz dzieci i przedszkola. Wsp\u00f3\u0142praca z rodzin\u0105 [&hellip;]<\/p>\n","protected":false},"author":1,"featured_media":0,"parent":0,"menu_order":0,"comment_status":"closed","ping_status":"closed","template":"","meta":{"ocean_post_layout":"","ocean_both_sidebars_style":"","ocean_both_sidebars_content_width":0,"ocean_both_sidebars_sidebars_width":0,"ocean_sidebar":"","ocean_second_sidebar":"","ocean_disable_margins":"enable","ocean_add_body_class":"","ocean_shortcode_before_top_bar":"","ocean_shortcode_after_top_bar":"","ocean_shortcode_before_header":"","ocean_shortcode_after_header":"","ocean_has_shortcode":"","ocean_shortcode_after_title":"","ocean_shortcode_before_footer_widgets":"","ocean_shortcode_after_footer_widgets":"","ocean_shortcode_before_footer_bottom":"","ocean_shortcode_after_footer_bottom":"","ocean_display_top_bar":"default","ocean_display_header":"default","ocean_header_style":"","ocean_center_header_left_menu":"","ocean_custom_header_template":"","ocean_custom_logo":0,"ocean_custom_retina_logo":0,"ocean_custom_logo_max_width":0,"ocean_custom_logo_tablet_max_width":0,"ocean_custom_logo_mobile_max_width":0,"ocean_custom_logo_max_height":0,"ocean_custom_logo_tablet_max_height":0,"ocean_custom_logo_mobile_max_height":0,"ocean_header_custom_menu":"","ocean_menu_typo_font_family":"","ocean_menu_typo_font_subset":"","ocean_menu_typo_font_size":0,"ocean_menu_typo_font_size_tablet":0,"ocean_menu_typo_font_size_mobile":0,"ocean_menu_typo_font_size_unit":"px","ocean_menu_typo_font_weight":"","ocean_menu_typo_font_weight_tablet":"","ocean_menu_typo_font_weight_mobile":"","ocean_menu_typo_transform":"","ocean_menu_typo_transform_tablet":"","ocean_menu_typo_transform_mobile":"","ocean_menu_typo_line_height":0,"ocean_menu_typo_line_height_tablet":0,"ocean_menu_typo_line_height_mobile":0,"ocean_menu_typo_line_height_unit":"","ocean_menu_typo_spacing":0,"ocean_menu_typo_spacing_tablet":0,"ocean_menu_typo_spacing_mobile":0,"ocean_menu_typo_spacing_unit":"","ocean_menu_link_color":"","ocean_menu_link_color_hover":"","ocean_menu_link_color_active":"","ocean_menu_link_background":"","ocean_menu_link_hover_background":"","ocean_menu_link_active_background":"","ocean_menu_social_links_bg":"","ocean_menu_social_hover_links_bg":"","ocean_menu_social_links_color":"","ocean_menu_social_hover_links_color":"","ocean_disable_title":"default","ocean_disable_heading":"default","ocean_post_title":"","ocean_post_subheading":"","ocean_post_title_style":"","ocean_post_title_background_color":"","ocean_post_title_background":0,"ocean_post_title_bg_image_position":"","ocean_post_title_bg_image_attachment":"","ocean_post_title_bg_image_repeat":"","ocean_post_title_bg_image_size":"","ocean_post_title_height":0,"ocean_post_title_bg_overlay":0.5,"ocean_post_title_bg_overlay_color":"","ocean_disable_breadcrumbs":"default","ocean_breadcrumbs_color":"","ocean_breadcrumbs_separator_color":"","ocean_breadcrumbs_links_color":"","ocean_breadcrumbs_links_hover_color":"","ocean_display_footer_widgets":"default","ocean_display_footer_bottom":"default","ocean_custom_footer_template":"","footnotes":""},"class_list":["post-60","page","type-page","status-publish","hentry","entry"],"_links":{"self":[{"href":"https:\/\/przedszkole124.eu\/index.php\/wp-json\/wp\/v2\/pages\/60","targetHints":{"allow":["GET"]}}],"collection":[{"href":"https:\/\/przedszkole124.eu\/index.php\/wp-json\/wp\/v2\/pages"}],"about":[{"href":"https:\/\/przedszkole124.eu\/index.php\/wp-json\/wp\/v2\/types\/page"}],"author":[{"embeddable":true,"href":"https:\/\/przedszkole124.eu\/index.php\/wp-json\/wp\/v2\/users\/1"}],"replies":[{"embeddable":true,"href":"https:\/\/przedszkole124.eu\/index.php\/wp-json\/wp\/v2\/comments?post=60"}],"version-history":[{"count":74,"href":"https:\/\/przedszkole124.eu\/index.php\/wp-json\/wp\/v2\/pages\/60\/revisions"}],"predecessor-version":[{"id":713,"href":"https:\/\/przedszkole124.eu\/index.php\/wp-json\/wp\/v2\/pages\/60\/revisions\/713"}],"wp:attachment":[{"href":"https:\/\/przedszkole124.eu\/index.php\/wp-json\/wp\/v2\/media?parent=60"}],"curies":[{"name":"wp","href":"https:\/\/api.w.org\/{rel}","templated":true}]}}